{"id":20,"date":"2025-02-12T15:12:51","date_gmt":"2025-02-12T15:12:51","guid":{"rendered":"http:\/\/www.vampire-eu.com\/home\/"},"modified":"2025-06-17T15:57:30","modified_gmt":"2025-06-17T15:57:30","slug":"home-2","status":"publish","type":"page","link":"https:\/\/www.vampire-eu.com\/pl\/","title":{"rendered":"Strona g\u0142\u00f3wna"},"content":{"rendered":"<div class=\"wp-block-uagb-container uagb-block-cd08ac4c alignfull uagb-is-root-container\"><div class=\"uagb-container-inner-blocks-wrap\">\n<div class=\"wp-block-uagb-info-box uagb-block-1cbb6637 uagb-infobox__content-wrap  uagb-infobox-icon-above-title uagb-infobox-image-valign-top wp-block-uagb-info-box--has-margin\"><div class=\"uagb-infobox-margin-wrapper\"><div class=\"uagb-ifb-content\"><div class=\"uagb-ifb-title-wrap\"><h2 class=\"uagb-ifb-title\">V\u03b1MPiRE <br>Walidacja modyfikacji alfa-synukleiny w ewolucji choroby Parkinsona<\/h2><\/div><\/div><\/div><\/div>\n<\/div><\/div>\n\n\n\n<div class=\"wp-block-uagb-container uagb-block-e6e6d851 alignfull uagb-is-root-container\"><div class=\"uagb-container-inner-blocks-wrap\">\n<div class=\"wp-block-uagb-info-box uagb-block-209471ca uagb-infobox__content-wrap  uagb-infobox-icon-above-title uagb-infobox-image-valign-top wp-block-uagb-info-box--has-margin\"><div class=\"uagb-infobox-margin-wrapper\"><div class=\"uagb-ifb-content\"><div class=\"uagb-ifb-title-wrap\"><h2 class=\"uagb-ifb-title\">V\u03b1MPiRE w skr\u00f3cie<\/h2><\/div><p class=\"uagb-ifb-desc\">Choroba Parkinsona (PD) to post\u0119puj\u0105ce schorzenie neurodegeneracyjne, kt\u00f3re dotyka ponad 9,4 miliona os\u00f3b na ca\u0142ym \u015bwiecie, a do 2040 roku liczba przypadk\u00f3w mo\u017ce przekroczy\u0107 12 milion\u00f3w. Pomimo post\u0119p\u00f3w, wczesna diagnoza i leczenie pozostaj\u0105 trudne z powodu braku wiarygodnych biomarker\u00f3w. Nieprawid\u0142owo uformowane bia\u0142ka \u03b1-synukleiny odgrywaj\u0105 kluczow\u0105 rol\u0119 w patogenezie PD i sta\u0142y si\u0119 obiecuj\u0105cymi celami diagnostycznymi. Finansowany przez UE projekt V\u03b1MPiRE zbada izoformy \u03b1-synukleiny w neuronowo pochodnych p\u0119cherzykach zewn\u0105trzkom\u00f3rkowych pochodz\u0105cych z du\u017cej kohorty pacjent\u00f3w z PD i os\u00f3b bez PD. Wyniki projektu przyczyni\u0105 si\u0119 do opracowania nowego testu diagnostycznego in vitro (IVD) do wczesnego wykrywania PD i monitorowania jej post\u0119pu. To innowacyjne rozwi\u0105zanie mo\u017ce usprawni\u0107 wczesne badania przesiewowe i wykrywanie choroby, poprawi\u0107 zarz\u0105dzanie leczeniem i wyniki pacjent\u00f3w oraz doprowadzi\u0107 do opracowania lepszych terapii.<\/p><\/div><\/div><\/div>\n\n\n\n<div class=\"wp-block-uagb-info-box uagb-block-41724f1a uagb-infobox__content-wrap  uagb-infobox-icon-above-title uagb-infobox-image-valign-top wp-block-uagb-info-box--has-margin\"><div class=\"uagb-infobox-margin-wrapper\"><div class=\"uagb-ifb-content\"><div class=\"uagb-ifb-title-wrap\"><\/div><p class=\"uagb-ifb-desc\"><em><em><em><em><em>Ulepszone badania przesiewowe w kierunku choroby Parkinsona umo\u017cliwi\u0105 wcze\u015bniejsze wykrycie 270.000 nowych przypadk\u00f3w rocznie oraz lepsze zarz\u0105dzanie chorob\u0105 u 9,4 miliona obecnie zdiagnozowanych os\u00f3b. Pozwoli to unikn\u0105\u0107 utraty 5,8 miliona lat \u017cycia skorygowanych o niepe\u0142nosprawno\u015b\u0107 (DALY) do 2028 roku i u\u0142atwi rozw\u00f3j skuteczniejszych terapii.<\/em><\/em><\/em><\/em><\/em><\/p><\/div><\/div><\/div>\n\n\n\n<div class=\"wp-block-group has-link-color wp-elements-829e3f9f838bf379cd98f2674f657312 is-layout-constrained wp-container-core-group-is-layout-8c49bb0c wp-block-group-is-layout-constrained has-background\" style=\"border-style:none;border-width:0px;border-radius:15px;margin-top:0;margin-bottom:0;padding-right:0;padding-left:0;background-image:url(&apos;https:\/\/www.vampire-eu.com\/wp-content\/uploads\/2025\/06\/Screenshot-2025-06-17-at-16.51.47.png&apos;);background-position:37% 38%;background-size:cover;background-attachment:scroll;\">\n<div class=\"wp-block-uagb-info-box uagb-block-31626290 uagb-infobox__content-wrap  uagb-infobox-icon-above-title uagb-infobox-image-valign-top wp-block-uagb-info-box--has-margin\"><div class=\"uagb-infobox-margin-wrapper\"><div class=\"uagb-ifb-content\"><div class=\"uagb-ifb-title-wrap\"><h3 class=\"uagb-ifb-title\"><strong><a href=\"https:\/\/www.vampire-eu.com\/pl\/joinus\/\">Rekrutujemy uczestnik\u00f3w do naszego badania klinicznego!<\/a><\/strong><\/h3><\/div><p class=\"uagb-ifb-desc\"><a href=\"https:\/\/www.vampire-eu.com\/pl\/joinus\/\">Niezale\u017cnie od tego, czy masz chorob\u0119 Parkinsona, czy nie, mo\u017cesz pom\u00f3c nam w rozwijaniu wczesnego wykrywania tej choroby<\/a><\/p><\/div><\/div><\/div>\n<\/div>\n<\/div><\/div>\n\n\n\n<div class=\"wp-block-uagb-container uagb-block-c5406398 alignfull uagb-is-root-container\"><div class=\"uagb-container-inner-blocks-wrap\">\n<div class=\"wp-block-uagb-info-box uagb-block-e97fad00 uagb-infobox__content-wrap  uagb-infobox-icon-above-title uagb-infobox-image-valign-top\"><div class=\"uagb-ifb-content\"><div class=\"uagb-ifb-title-wrap\"><h2 class=\"uagb-ifb-title\">Prze\u0142om w walce z chorob\u0105 Parkinsona<\/h2><\/div><\/div><\/div>\n\n\n\n<div class=\"wp-block-uagb-container uagb-block-9344282c\">\n<div class=\"wp-block-columns is-layout-flex wp-container-core-columns-is-layout-28f84493 wp-block-columns-is-layout-flex\">\n<div class=\"wp-block-column uag-hide-mob is-layout-flow wp-block-column-is-layout-flow\" style=\"flex-basis:300px\">\n<div class=\"wp-block-uagb-image alignleft uagb-block-e735600e wp-block-uagb-image--layout-default wp-block-uagb-image--effect-static wp-block-uagb-image--align-left\"><figure class=\"wp-block-uagb-image__figure\"><img decoding=\"async\" srcset=\"https:\/\/www.vampire-eu.com\/wp-content\/uploads\/2025\/02\/Brain.jpg ,https:\/\/www.vampire-eu.com\/wp-content\/uploads\/2025\/02\/Brain.jpg 780w, https:\/\/www.vampire-eu.com\/wp-content\/uploads\/2025\/02\/Brain.jpg 360w\" sizes=\"auto, (max-width: 480px) 150px\" src=\"https:\/\/www.vampire-eu.com\/wp-content\/uploads\/2025\/02\/Brain.jpg\" alt=\"\" class=\"uag-image-4719\" width=\"300\" height=\"223\" title=\"Brain\" loading=\"lazy\" role=\"img\"\/><\/figure><\/div>\n<\/div>\n\n\n\n<div class=\"wp-block-column is-layout-flow wp-block-column-is-layout-flow\">\n<div class=\"wp-block-uagb-info-box uagb-block-2f4a5e7b uagb-infobox__content-wrap  uagb-infobox-icon-above-title uagb-infobox-image-valign-top\"><div class=\"uagb-ifb-content\"><div class=\"uagb-ifb-title-wrap\"><\/div><p class=\"uagb-ifb-desc\">Choroba Parkinsona (PD) stanowi wyzwanie dla milion\u00f3w ludzi na ca\u0142ym \u015bwiecie \u2013 jej post\u0119puj\u0105cy charakter zmusza pacjent\u00f3w i opiekun\u00f3w do nieustannej walki z jej wyniszczaj\u0105cymi skutkami. Pomimo lat bada\u0144, brak wczesnych narz\u0119dzi diagnostycznych i skutecznych biomarker\u00f3w sprawia\u0142, \u017ce byli\u015bmy o krok za chorob\u0105. Teraz jednak V\u03b1MPiRE, nasza prze\u0142omowa inicjatywa, ma szans\u0119 odmieni\u0107 ten obraz.<br><br>Ten wizjonerski projekt ma na celu zrewolucjonizowanie wczesnego wykrywania, rokowania i leczenia choroby Parkinsona dzi\u0119ki nowoczesnej nauce i innowacjom.<\/p><\/div><\/div>\n<\/div>\n<\/div>\n<\/div>\n\n\n\n<div class=\"wp-block-uagb-container uagb-block-ac68d052\">\n<div class=\"wp-block-uagb-container uagb-block-5b822b2f\">\n<div class=\"wp-block-uagb-info-box uagb-block-6fba7136 uagb-infobox__content-wrap  uagb-infobox-icon-above-title uagb-infobox-image-valign-top wp-block-uagb-info-box--has-margin\"><div class=\"uagb-infobox-margin-wrapper\"><div class=\"uagb-ifb-content\"><div class=\"uagb-ifb-image-content\"><img decoding=\"async\" src=\"http:\/\/www.vampire-eu.com\/wp-content\/uploads\/2025\/02\/early-detection-150x150.png\" alt=\"\" width=\"\" height=\"0\" loading=\"lazy\"\/><\/div><div class=\"uagb-ifb-title-wrap\"><h3 class=\"uagb-ifb-title\"><strong>Nowe spojrzenie na wczesne wykrywanie<\/strong><\/h3><\/div><p class=\"uagb-ifb-desc\">Wykorzystuj\u0105c najnowsze odkrycia, przeanalizujemy izoformy i biomarkery \u03b1-synukleiny (\u03b1-Syn) w neuronowo pochodnych p\u0119cherzykach zewn\u0105trzkom\u00f3rkowych (NDEV), korzystaj\u0105c z pr\u00f3bek krwi od 1\u202f200 uczestnik\u00f3w. Nasze podej\u015bcie ma na celu wykrycie najwcze\u015bniejszych sygna\u0142\u00f3w choroby Parkinsona.<\/p><\/div><\/div><\/div>\n\n\n\n<div class=\"wp-block-uagb-info-box uagb-block-744360f2 uagb-infobox__content-wrap  uagb-infobox-icon-above-title uagb-infobox-image-valign-top wp-block-uagb-info-box--has-margin\"><div class=\"uagb-infobox-margin-wrapper\"><div class=\"uagb-ifb-content\"><div class=\"uagb-ifb-image-content\"><img decoding=\"async\" src=\"http:\/\/www.vampire-eu.com\/wp-content\/uploads\/2025\/02\/AI-powered-150x150.png\" alt=\"\" width=\"\" height=\"0\" loading=\"lazy\"\/><\/div><div class=\"uagb-ifb-title-wrap\"><h3 class=\"uagb-ifb-title\"><strong>Spostrze\u017cenia wspierane przez AI<\/strong><\/h3><\/div><p class=\"uagb-ifb-desc\">Wykorzystuj\u0105c zaawansowane algorytmy AI, przekszta\u0142cimy z\u0142o\u017cone dane biomarker\u00f3w w praktyczne narz\u0119dzia diagnostyczne, zapewniaj\u0105c precyzj\u0119 i niezawodno\u015b\u0107 w rzeczywistych warunkach klinicznych.<\/p><\/div><\/div><\/div>\n\n\n\n<div class=\"wp-block-uagb-info-box uagb-block-c747b819 uagb-infobox__content-wrap  uagb-infobox-icon-above-title uagb-infobox-image-valign-top wp-block-uagb-info-box--has-margin\"><div class=\"uagb-infobox-margin-wrapper\"><div class=\"uagb-ifb-content\"><div class=\"uagb-ifb-image-content\"><img decoding=\"async\" src=\"http:\/\/www.vampire-eu.com\/wp-content\/uploads\/2025\/02\/collaboration-150x150.png\" alt=\"\" width=\"\" height=\"0\" loading=\"lazy\"\/><\/div><div class=\"uagb-ifb-title-wrap\"><h3 class=\"uagb-ifb-title\"><strong>Wsp\u00f3lne przedsi\u0119wzi\u0119cie<\/strong><\/h3><\/div><p class=\"uagb-ifb-desc\">Wsp\u00f3\u0142pracuj\u0105c z czo\u0142owymi laboratoriami i producentami test\u00f3w diagnostycznych in vitro, d\u0105\u017cymy do stworzenia i walidacji innowacyjnego testu diagnostycznego in vitro. Prototyp ten pozwoli na wczesne wykrycie choroby Parkinsona, oszacowanie post\u0119pu choroby oraz monitorowanie odpowiedzi na leczenie.<\/p><\/div><\/div><\/div>\n<\/div>\n<\/div>\n<\/div><\/div>\n\n\n\n<div class=\"wp-block-uagb-container uagb-block-76d6e945 alignfull uagb-is-root-container\"><div class=\"uagb-container-inner-blocks-wrap\">\n<div class=\"wp-block-uagb-container uagb-block-6b716a05\">\n<div class=\"wp-block-uagb-info-box uagb-block-d783a438 uagb-infobox__content-wrap  uagb-infobox-icon-above-title uagb-infobox-image-valign-top\"><div class=\"uagb-ifb-content\"><div class=\"uagb-ifb-title-wrap\"><h2 class=\"uagb-ifb-title\">Do\u0142\u0105cz do nas w tej prze\u0142omowej podr\u00f3\u017cy<\/h2><\/div><p class=\"uagb-ifb-desc\">V\u03b1MPiRE to co\u015b wi\u0119cej ni\u017c projekt; to ruch na rzecz zmiany sposobu walki z chorob\u0105 Parkinsona. Kszta\u0142tujmy razem przysz\u0142o\u015b\u0107, toruj\u0105c drog\u0119 do wcze\u015bniejszych interwencji, lepszych terapii i nadziei dla milion\u00f3w.<\/p><\/div><\/div>\n<\/div>\n\n\n\n<div class=\"wp-block-uagb-container uagb-block-0d176bbf\">\n<div class=\"wp-block-uagb-container uagb-block-296eb1e8\">\n<div class=\"wp-block-uagb-info-box uagb-block-e443b568 uagb-infobox__content-wrap  uagb-infobox-icon-above-title uagb-infobox-image-valign-top wp-block-uagb-info-box--has-margin\"><div class=\"uagb-infobox-margin-wrapper\"><div class=\"uagb-ifb-content\"><div class=\"uagb-ifb-image-content\"><img decoding=\"async\" src=\"http:\/\/www.vampire-eu.com\/wp-content\/uploads\/2025\/02\/revolutionizing-detection-150x150.png\" alt=\"\" width=\"\" height=\"0\" loading=\"lazy\"\/><\/div><div class=\"uagb-ifb-title-wrap\"><h3 class=\"uagb-ifb-title\"><strong>Rewolucjonizowanie wczesnego wykrywania i prognozowania choroby Parkinsona<\/strong><\/h3><\/div><p class=\"uagb-ifb-desc\">Dzi\u0119ki rygorystycznym badaniom, comiesi\u0119cznym kontrolom i nowoczesnym metodom walidacji, V\u03b1MPiRE zapewni wczesne wykrywanie Parkinsona oraz prognozowanie przebiegu i wynik\u00f3w leczenia.<br>Badanie pod\u0142u\u017cne obejmuje 24-miesi\u0119czn\u0105 obserwacj\u0119 zar\u00f3wno uczestnik\u00f3w z chorob\u0105 Parkinsona, jak i bez niej, zrekrutowanych zgodnie z metodologi\u0105 badania klinicznego typu case-control uwzgl\u0119dniaj\u0105c\u0105 grupowanie.<br>W tym okresie obie kohorty b\u0119d\u0105 monitorowane za pomoc\u0105 comiesi\u0119cznych ankiet post\u0119pu. Pozwoli to na weryfikacj\u0119 nie tylko mocy statystycznej wykrywania choroby Parkinsona, ale tak\u017ce post\u0119pu choroby i reakcji na leczenie.<br>Oczekuje si\u0119 r\u00f3wnie\u017c, \u017ce oko\u0142o 5% os\u00f3b pocz\u0105tkowo zrekrutowanych jako niechoruj\u0105ce na Parkinsona rozwinie chorob\u0119. Umo\u017cliwi to ustalenie zdolno\u015bci wykrywania we wczesnych stadiach.<\/p><\/div><\/div><\/div>\n\n\n\n<div class=\"wp-block-uagb-info-box uagb-block-47c2595f uagb-infobox__content-wrap  uagb-infobox-icon-above-title uagb-infobox-image-valign-top wp-block-uagb-info-box--has-margin\"><div class=\"uagb-infobox-margin-wrapper\"><div class=\"uagb-ifb-content\"><div class=\"uagb-ifb-image-content\"><img decoding=\"async\" src=\"http:\/\/www.vampire-eu.com\/wp-content\/uploads\/2025\/02\/transforming_parkinson-150x150.png\" alt=\"\" width=\"\" height=\"0\" loading=\"lazy\"\/><\/div><div class=\"uagb-ifb-title-wrap\"><h3 class=\"uagb-ifb-title\"><strong>Przekszta\u0142canie diagnozy choroby Parkinsona: dost\u0119pna, przyst\u0119pna i skuteczna<\/strong><\/h3><\/div><p class=\"uagb-ifb-desc\">Wyobra\u017camy sobie przysz\u0142o\u015b\u0107, w kt\u00f3rej wczesna diagnoza choroby Parkinsona b\u0119dzie dost\u0119pna, przyst\u0119pna i prze\u0142omowa. Nasz konsorcjum zobowi\u0105zuje si\u0119 przeku\u0107 te odkrycia w skomercjalizowane rozwi\u0105zania, kt\u00f3re przynios\u0105 korzy\u015bci pacjentom i systemom opieki zdrowotnej na ca\u0142ym \u015bwiecie.<\/p><\/div><\/div><\/div>\n<\/div>\n<\/div>\n<\/div><\/div>\n\n\n\n<div class=\"wp-block-uagb-container uagb-layout-flex uagb-block-0d6e6fa5 alignfull uagb-is-root-container\"><div class=\"uagb-container-inner-blocks-wrap\">\n<div class=\"wp-block-uagb-container uagb-layout-flex uagb-block-02d1f134\">\n<div class=\"wp-block-uagb-container uagb-block-908880cf\">\n<div class=\"wp-block-uagb-image aligncenter uagb-block-c8280f42 wp-block-uagb-image--layout-default wp-block-uagb-image--effect-static wp-block-uagb-image--align-center\"><figure class=\"wp-block-uagb-image__figure\"><img decoding=\"async\" srcset=\"https:\/\/www.vampire-eu.com\/wp-content\/uploads\/2025\/02\/funded-cofunded-1-300x65.png ,https:\/\/www.vampire-eu.com\/wp-content\/uploads\/2025\/02\/funded-cofunded-1.png 780w, http:\/\/www.vampire-eu.com\/wp-content\/uploads\/2025\/02\/funded-cofunded-1-300x65.png 360w\" sizes=\"auto, (max-width: 480px) 150px\" src=\"https:\/\/www.vampire-eu.com\/wp-content\/uploads\/2025\/02\/funded-cofunded-1-300x65.png\" alt=\"\" class=\"uag-image-4498\" width=\"400\" height=\"100\" title=\"European Union\" loading=\"lazy\" role=\"img\"\/><\/figure><\/div>\n<\/div>\n\n\n\n<div class=\"wp-block-uagb-container uagb-block-e5d1e2a0\">\n<p class=\"has-ast-global-color-6-color has-text-color has-link-color wp-elements-b803d6e561141eda2820758b3af0741d\" style=\"padding-top:10px;padding-right:10px;padding-bottom:0px;padding-left:10px\">Projekt otrzyma\u0142 dofinansowanie z programu Unii Europejskiej HORIZON-HLTH-2024-DISEASE-03-two-stage. <a href=\"https:\/\/cordis.europa.eu\/project\/id\/101156370\">grant agreement No 101156370<\/a>.<br>Przedstawione pogl\u0105dy i opinie s\u0105 wy\u0142\u0105cznie autorstwa autora(-\u00f3w) i niekoniecznie odzwierciedlaj\u0105 stanowisko Unii Europejskiej ani programu HORIZON-RIA. Unia Europejska ani organ przyznaj\u0105cy \u015brodki nie ponosz\u0105 za nie odpowiedzialno\u015bci.<\/p>\n<\/div>\n<\/div>\n<\/div><\/div>","protected":false},"excerpt":{"rendered":"","protected":false},"author":2,"featured_media":0,"parent":0,"menu_order":0,"comment_status":"closed","ping_status":"closed","template":"","meta":{"_uag_custom_page_level_css":"","site-sidebar-layout":"default","site-content-layout":"","ast-site-content-layout":"full-width-container","site-content-style":"default","site-sidebar-style":"default","ast-global-header-display":"","ast-banner-title-visibility":"","ast-main-header-display":"","ast-hfb-above-header-display":"","ast-hfb-below-header-display":"","ast-hfb-mobile-header-display":"","site-post-title":"disabled","ast-breadcrumbs-content":"","ast-featured-img":"","footer-sml-layout":"","theme-transparent-header-meta":"enabled","adv-header-id-meta":"","stick-header-meta":"","header-above-stick-meta":"","header-main-stick-meta":"","header-below-stick-meta":"","astra-migrate-meta-layouts":"default","ast-page-background-enabled":"default","ast-page-background-meta":{"desktop":{"background-color":"var(--ast-global-color-4)","background-image":"","background-repeat":"repeat","background-position":"center center","background-size":"auto","background-attachment":"scroll","background-type":"","background-media":"","overlay-type":"","overlay-color":"","overlay-opacity":"","overlay-gradient":""},"tablet":{"background-color":"","background-image":"","background-repeat":"repeat","background-position":"center center","background-size":"auto","background-attachment":"scroll","background-type":"","background-media":"","overlay-type":"","overlay-color":"","overlay-opacity":"","overlay-gradient":""},"mobile":{"background-color":"","background-image":"","background-repeat":"repeat","background-position":"center center","background-size":"auto","background-attachment":"scroll","background-type":"","background-media":"","overlay-type":"","overlay-color":"","overlay-opacity":"","overlay-gradient":""}},"ast-content-background-meta":{"desktop":{"background-color":"var(--ast-global-color-5)","background-image":"","background-repeat":"repeat","background-position":"center center","background-size":"auto","background-attachment":"scroll","background-type":"","background-media":"","overlay-type":"","overlay-color":"","overlay-opacity":"","overlay-gradient":""},"tablet":{"background-color":"var(--ast-global-color-5)","background-image":"","background-repeat":"repeat","background-position":"center center","background-size":"auto","background-attachment":"scroll","background-type":"","background-media":"","overlay-type":"","overlay-color":"","overlay-opacity":"","overlay-gradient":""},"mobile":{"background-color":"var(--ast-global-color-5)","background-image":"","background-repeat":"repeat","background-position":"center center","background-size":"auto","background-attachment":"scroll","background-type":"","background-media":"","overlay-type":"","overlay-color":"","overlay-opacity":"","overlay-gradient":""}},"footnotes":""},"class_list":["post-20","page","type-page","status-publish","hentry"],"yoast_head":"<!-- This site is optimized with the Yoast SEO plugin v25.2 - https:\/\/yoast.com\/wordpress\/plugins\/seo\/ -->\n<title>Home - V\u03b1MPiRE<\/title>\n<meta name=\"description\" content=\"Parkinson&#039;s disease early detection\" \/>\n<meta name=\"robots\" content=\"index, follow, max-snippet:-1, max-image-preview:large, max-video-preview:-1\" \/>\n<link rel=\"canonical\" href=\"https:\/\/www.vampire-eu.com\/pl\/\" \/>\n<meta name=\"twitter:card\" content=\"summary_large_image\" \/>\n<meta name=\"twitter:title\" content=\"Home - V\u03b1MPiRE\" \/>\n<meta name=\"twitter:description\" content=\"Parkinson&#039;s disease early detection\" \/>\n<meta name=\"twitter:image\" content=\"http:\/\/www.vampire-eu.com\/wp-content\/uploads\/2025\/02\/Brain.jpg\" \/>\n<meta name=\"twitter:label1\" content=\"Szacowany czas czytania\" \/>\n\t<meta name=\"twitter:data1\" content=\"5 minut\" \/>\n<script type=\"application\/ld+json\" class=\"yoast-schema-graph\">{\"@context\":\"https:\/\/schema.org\",\"@graph\":[{\"@type\":\"WebPage\",\"@id\":\"https:\/\/www.vampire-eu.com\/\",\"url\":\"https:\/\/www.vampire-eu.com\/\",\"name\":\"Home - V\u03b1MPiRE\",\"isPartOf\":{\"@id\":\"https:\/\/www.vampire-eu.com\/#website\"},\"primaryImageOfPage\":{\"@id\":\"https:\/\/www.vampire-eu.com\/#primaryimage\"},\"image\":{\"@id\":\"https:\/\/www.vampire-eu.com\/#primaryimage\"},\"thumbnailUrl\":\"http:\/\/www.vampire-eu.com\/wp-content\/uploads\/2025\/02\/Brain.jpg\",\"datePublished\":\"2025-02-12T15:12:51+00:00\",\"dateModified\":\"2025-06-17T15:57:30+00:00\",\"description\":\"Parkinson's disease early detection\",\"breadcrumb\":{\"@id\":\"https:\/\/www.vampire-eu.com\/#breadcrumb\"},\"inLanguage\":\"pl-PL\",\"potentialAction\":[{\"@type\":\"ReadAction\",\"target\":[\"https:\/\/www.vampire-eu.com\/\"]}]},{\"@type\":\"ImageObject\",\"inLanguage\":\"pl-PL\",\"@id\":\"https:\/\/www.vampire-eu.com\/#primaryimage\",\"url\":\"http:\/\/www.vampire-eu.com\/wp-content\/uploads\/2025\/02\/Brain.jpg\",\"contentUrl\":\"http:\/\/www.vampire-eu.com\/wp-content\/uploads\/2025\/02\/Brain.jpg\"},{\"@type\":\"BreadcrumbList\",\"@id\":\"https:\/\/www.vampire-eu.com\/#breadcrumb\",\"itemListElement\":[{\"@type\":\"ListItem\",\"position\":1,\"name\":\"Home\",\"item\":\"https:\/\/www.vampire-eu.com\/\"},{\"@type\":\"ListItem\",\"position\":2,\"name\":\"Home\"}]},{\"@type\":\"WebSite\",\"@id\":\"https:\/\/www.vampire-eu.com\/#website\",\"url\":\"https:\/\/www.vampire-eu.com\/\",\"name\":\"V\u03b1MPiRE\",\"description\":\"\",\"publisher\":{\"@id\":\"https:\/\/www.vampire-eu.com\/#organization\"},\"potentialAction\":[{\"@type\":\"SearchAction\",\"target\":{\"@type\":\"EntryPoint\",\"urlTemplate\":\"https:\/\/www.vampire-eu.com\/?s={search_term_string}\"},\"query-input\":{\"@type\":\"PropertyValueSpecification\",\"valueRequired\":true,\"valueName\":\"search_term_string\"}}],\"inLanguage\":\"pl-PL\"},{\"@type\":\"Organization\",\"@id\":\"https:\/\/www.vampire-eu.com\/#organization\",\"name\":\"V\u03b1MPiRE\",\"url\":\"https:\/\/www.vampire-eu.com\/\",\"logo\":{\"@type\":\"ImageObject\",\"inLanguage\":\"pl-PL\",\"@id\":\"https:\/\/www.vampire-eu.com\/#\/schema\/logo\/image\/\",\"url\":\"https:\/\/www.vampire-eu.com\/wp-content\/uploads\/2025\/02\/cropped-cropped-V\u03b1MPiRE.png\",\"contentUrl\":\"https:\/\/www.vampire-eu.com\/wp-content\/uploads\/2025\/02\/cropped-cropped-V\u03b1MPiRE.png\",\"width\":512,\"height\":512,\"caption\":\"V\u03b1MPiRE\"},\"image\":{\"@id\":\"https:\/\/www.vampire-eu.com\/#\/schema\/logo\/image\/\"},\"sameAs\":[\"https:\/\/www.linkedin.com\/showcase\/biosomics\/about\"]}]}<\/script>\n<!-- \/ Yoast SEO plugin. -->","yoast_head_json":{"title":"Home - V\u03b1MPiRE","description":"Parkinson's disease early detection","robots":{"index":"index","follow":"follow","max-snippet":"max-snippet:-1","max-image-preview":"max-image-preview:large","max-video-preview":"max-video-preview:-1"},"canonical":"https:\/\/www.vampire-eu.com\/pl\/","twitter_card":"summary_large_image","twitter_title":"Home - V\u03b1MPiRE","twitter_description":"Parkinson's disease early detection","twitter_image":"http:\/\/www.vampire-eu.com\/wp-content\/uploads\/2025\/02\/Brain.jpg","twitter_misc":{"Szacowany czas czytania":"5 minut"},"schema":{"@context":"https:\/\/schema.org","@graph":[{"@type":"WebPage","@id":"https:\/\/www.vampire-eu.com\/","url":"https:\/\/www.vampire-eu.com\/","name":"Home - V\u03b1MPiRE","isPartOf":{"@id":"https:\/\/www.vampire-eu.com\/#website"},"primaryImageOfPage":{"@id":"https:\/\/www.vampire-eu.com\/#primaryimage"},"image":{"@id":"https:\/\/www.vampire-eu.com\/#primaryimage"},"thumbnailUrl":"http:\/\/www.vampire-eu.com\/wp-content\/uploads\/2025\/02\/Brain.jpg","datePublished":"2025-02-12T15:12:51+00:00","dateModified":"2025-06-17T15:57:30+00:00","description":"Parkinson's disease early detection","breadcrumb":{"@id":"https:\/\/www.vampire-eu.com\/#breadcrumb"},"inLanguage":"pl-PL","potentialAction":[{"@type":"ReadAction","target":["https:\/\/www.vampire-eu.com\/"]}]},{"@type":"ImageObject","inLanguage":"pl-PL","@id":"https:\/\/www.vampire-eu.com\/#primaryimage","url":"http:\/\/www.vampire-eu.com\/wp-content\/uploads\/2025\/02\/Brain.jpg","contentUrl":"http:\/\/www.vampire-eu.com\/wp-content\/uploads\/2025\/02\/Brain.jpg"},{"@type":"BreadcrumbList","@id":"https:\/\/www.vampire-eu.com\/#breadcrumb","itemListElement":[{"@type":"ListItem","position":1,"name":"Home","item":"https:\/\/www.vampire-eu.com\/"},{"@type":"ListItem","position":2,"name":"Home"}]},{"@type":"WebSite","@id":"https:\/\/www.vampire-eu.com\/#website","url":"https:\/\/www.vampire-eu.com\/","name":"V\u03b1MPiRE","description":"","publisher":{"@id":"https:\/\/www.vampire-eu.com\/#organization"},"potentialAction":[{"@type":"SearchAction","target":{"@type":"EntryPoint","urlTemplate":"https:\/\/www.vampire-eu.com\/?s={search_term_string}"},"query-input":{"@type":"PropertyValueSpecification","valueRequired":true,"valueName":"search_term_string"}}],"inLanguage":"pl-PL"},{"@type":"Organization","@id":"https:\/\/www.vampire-eu.com\/#organization","name":"V\u03b1MPiRE","url":"https:\/\/www.vampire-eu.com\/","logo":{"@type":"ImageObject","inLanguage":"pl-PL","@id":"https:\/\/www.vampire-eu.com\/#\/schema\/logo\/image\/","url":"https:\/\/www.vampire-eu.com\/wp-content\/uploads\/2025\/02\/cropped-cropped-V\u03b1MPiRE.png","contentUrl":"https:\/\/www.vampire-eu.com\/wp-content\/uploads\/2025\/02\/cropped-cropped-V\u03b1MPiRE.png","width":512,"height":512,"caption":"V\u03b1MPiRE"},"image":{"@id":"https:\/\/www.vampire-eu.com\/#\/schema\/logo\/image\/"},"sameAs":["https:\/\/www.linkedin.com\/showcase\/biosomics\/about"]}]}},"uagb_featured_image_src":{"full":false,"thumbnail":false,"medium":false,"medium_large":false,"large":false,"1536x1536":false,"2048x2048":false,"trp-custom-language-flag":false},"uagb_author_info":{"display_name":"Pedro Sanchez","author_link":"https:\/\/www.vampire-eu.com\/pl\/author\/slpedro\/"},"uagb_comment_info":0,"uagb_excerpt":null,"_links":{"self":[{"href":"https:\/\/www.vampire-eu.com\/pl\/wp-json\/wp\/v2\/pages\/20","targetHints":{"allow":["GET"]}}],"collection":[{"href":"https:\/\/www.vampire-eu.com\/pl\/wp-json\/wp\/v2\/pages"}],"about":[{"href":"https:\/\/www.vampire-eu.com\/pl\/wp-json\/wp\/v2\/types\/page"}],"author":[{"embeddable":true,"href":"https:\/\/www.vampire-eu.com\/pl\/wp-json\/wp\/v2\/users\/2"}],"replies":[{"embeddable":true,"href":"https:\/\/www.vampire-eu.com\/pl\/wp-json\/wp\/v2\/comments?post=20"}],"version-history":[{"count":146,"href":"https:\/\/www.vampire-eu.com\/pl\/wp-json\/wp\/v2\/pages\/20\/revisions"}],"predecessor-version":[{"id":5456,"href":"https:\/\/www.vampire-eu.com\/pl\/wp-json\/wp\/v2\/pages\/20\/revisions\/5456"}],"wp:attachment":[{"href":"https:\/\/www.vampire-eu.com\/pl\/wp-json\/wp\/v2\/media?parent=20"}],"curies":[{"name":"wp","href":"https:\/\/api.w.org\/{rel}","templated":true}]}}