{"id":20,"date":"2025-02-12T15:12:51","date_gmt":"2025-02-12T15:12:51","guid":{"rendered":"http:\/\/www.vampire-eu.com\/home\/"},"modified":"2025-06-17T15:57:30","modified_gmt":"2025-06-17T15:57:30","slug":"home-2","status":"publish","type":"page","link":"https:\/\/www.vampire-eu.com\/it\/","title":{"rendered":"Home"},"content":{"rendered":"<div class=\"wp-block-uagb-container uagb-block-cd08ac4c alignfull uagb-is-root-container\"><div class=\"uagb-container-inner-blocks-wrap\">\n<div class=\"wp-block-uagb-info-box uagb-block-1cbb6637 uagb-infobox__content-wrap  uagb-infobox-icon-above-title uagb-infobox-image-valign-top wp-block-uagb-info-box--has-margin\"><div class=\"uagb-infobox-margin-wrapper\"><div class=\"uagb-ifb-content\"><div class=\"uagb-ifb-title-wrap\"><h2 class=\"uagb-ifb-title\">V\u03b1MPiRE <br>Validazione delle modificazioni dell'alfa-sinucleina nell'evoluzione del morbo di Parkinson<\/h2><\/div><\/div><\/div><\/div>\n<\/div><\/div>\n\n\n\n<div class=\"wp-block-uagb-container uagb-block-e6e6d851 alignfull uagb-is-root-container\"><div class=\"uagb-container-inner-blocks-wrap\">\n<div class=\"wp-block-uagb-info-box uagb-block-209471ca uagb-infobox__content-wrap  uagb-infobox-icon-above-title uagb-infobox-image-valign-top wp-block-uagb-info-box--has-margin\"><div class=\"uagb-infobox-margin-wrapper\"><div class=\"uagb-ifb-content\"><div class=\"uagb-ifb-title-wrap\"><h2 class=\"uagb-ifb-title\">V\u03b1MPiRE in breve<\/h2><\/div><p class=\"uagb-ifb-desc\">La malattia di Parkinson (PD) \u00e8 un disturbo neurodegenerativo progressivo che colpisce oltre 9,4 milioni di persone in tutto il mondo e potrebbe superare i 12 milioni di casi a livello globale entro il 2040. Nonostante i progressi, la diagnosi e il trattamento precoce restano difficili a causa della mancanza di biomarcatori affidabili. Le proteine \u03b1-sinucleina mal ripiegate svolgono un ruolo chiave nella patologia del PD e sono emerse come promettenti bersagli diagnostici. Il progetto V\u03b1MPiRE, finanziato dall\u2019UE, studier\u00e0 le isoforme della \u03b1-sinucleina in vescicole extracellulari derivate da neuroni, provenienti da un\u2019ampia coorte di pazienti affetti da PD e soggetti non affetti. I risultati del progetto contribuiranno allo sviluppo di un nuovo test diagnostico in vitro (IVD) per la rilevazione precoce e il monitoraggio della progressione del PD. Questa innovazione potrebbe migliorare lo screening e la diagnosi precoce, ottimizzare la gestione della malattia e i risultati clinici, e favorire lo sviluppo di trattamenti migliori.<\/p><\/div><\/div><\/div>\n\n\n\n<div class=\"wp-block-uagb-info-box uagb-block-41724f1a uagb-infobox__content-wrap  uagb-infobox-icon-above-title uagb-infobox-image-valign-top wp-block-uagb-info-box--has-margin\"><div class=\"uagb-infobox-margin-wrapper\"><div class=\"uagb-ifb-content\"><div class=\"uagb-ifb-title-wrap\"><\/div><p class=\"uagb-ifb-desc\"><em><em><em><em><em>Un miglioramento dello screening per il Parkinson consentir\u00e0 una diagnosi pi\u00f9 precoce di 270.000 nuovi casi all\u2019anno e una migliore gestione della malattia per i 9,4 milioni di persone attualmente diagnosticate. Questo eviter\u00e0 la perdita di 5,8 milioni di anni di vita corretti per disabilit\u00e0 (DALYs) entro il 2028 e faciliter\u00e0 lo sviluppo di trattamenti migliori.<\/em><\/em><\/em><\/em><\/em><\/p><\/div><\/div><\/div>\n\n\n\n<div class=\"wp-block-group has-link-color wp-elements-829e3f9f838bf379cd98f2674f657312 is-layout-constrained wp-container-core-group-is-layout-8c49bb0c wp-block-group-is-layout-constrained has-background\" style=\"border-style:none;border-width:0px;border-radius:15px;margin-top:0;margin-bottom:0;padding-right:0;padding-left:0;background-image:url(&apos;https:\/\/www.vampire-eu.com\/wp-content\/uploads\/2025\/06\/Screenshot-2025-06-17-at-16.51.47.png&apos;);background-position:37% 38%;background-size:cover;background-attachment:scroll;\">\n<div class=\"wp-block-uagb-info-box uagb-block-31626290 uagb-infobox__content-wrap  uagb-infobox-icon-above-title uagb-infobox-image-valign-top wp-block-uagb-info-box--has-margin\"><div class=\"uagb-infobox-margin-wrapper\"><div class=\"uagb-ifb-content\"><div class=\"uagb-ifb-title-wrap\"><h3 class=\"uagb-ifb-title\"><strong><a href=\"https:\/\/www.vampire-eu.com\/it\/joinus\/\">Stiamo reclutando partecipanti per il nostro studio clinico!<\/a><\/strong><\/h3><\/div><p class=\"uagb-ifb-desc\"><a href=\"https:\/\/www.vampire-eu.com\/it\/joinus\/\">Che tu abbia il morbo di Parkinson o meno, puoi aiutarci a migliorare la diagnosi precoce della malattia<\/a><\/p><\/div><\/div><\/div>\n<\/div>\n<\/div><\/div>\n\n\n\n<div class=\"wp-block-uagb-container uagb-block-c5406398 alignfull uagb-is-root-container\"><div class=\"uagb-container-inner-blocks-wrap\">\n<div class=\"wp-block-uagb-info-box uagb-block-e97fad00 uagb-infobox__content-wrap  uagb-infobox-icon-above-title uagb-infobox-image-valign-top\"><div class=\"uagb-ifb-content\"><div class=\"uagb-ifb-title-wrap\"><h2 class=\"uagb-ifb-title\">Una svolta decisiva nella lotta contro il morbo di Parkinson<\/h2><\/div><\/div><\/div>\n\n\n\n<div class=\"wp-block-uagb-container uagb-block-9344282c\">\n<div class=\"wp-block-columns is-layout-flex wp-container-core-columns-is-layout-28f84493 wp-block-columns-is-layout-flex\">\n<div class=\"wp-block-column uag-hide-mob is-layout-flow wp-block-column-is-layout-flow\" style=\"flex-basis:300px\">\n<div class=\"wp-block-uagb-image alignleft uagb-block-e735600e wp-block-uagb-image--layout-default wp-block-uagb-image--effect-static wp-block-uagb-image--align-left\"><figure class=\"wp-block-uagb-image__figure\"><img decoding=\"async\" srcset=\"https:\/\/www.vampire-eu.com\/wp-content\/uploads\/2025\/02\/Brain.jpg ,https:\/\/www.vampire-eu.com\/wp-content\/uploads\/2025\/02\/Brain.jpg 780w, https:\/\/www.vampire-eu.com\/wp-content\/uploads\/2025\/02\/Brain.jpg 360w\" sizes=\"auto, (max-width: 480px) 150px\" src=\"https:\/\/www.vampire-eu.com\/wp-content\/uploads\/2025\/02\/Brain.jpg\" alt=\"\" class=\"uag-image-4719\" width=\"300\" height=\"223\" title=\"Brain\" loading=\"lazy\" role=\"img\"\/><\/figure><\/div>\n<\/div>\n\n\n\n<div class=\"wp-block-column is-layout-flow wp-block-column-is-layout-flow\">\n<div class=\"wp-block-uagb-info-box uagb-block-2f4a5e7b uagb-infobox__content-wrap  uagb-infobox-icon-above-title uagb-infobox-image-valign-top\"><div class=\"uagb-ifb-content\"><div class=\"uagb-ifb-title-wrap\"><\/div><p class=\"uagb-ifb-desc\">La malattia di Parkinson (PD) rappresenta una sfida per milioni di persone a livello globale: la sua natura progressiva costringe pazienti e caregiver a una lotta continua contro i suoi effetti debilitanti. Nonostante anni di ricerca, l\u2019assenza di strumenti diagnostici precoci e di biomarcatori efficaci ci ha lasciati sempre un passo indietro in questa battaglia. Ora, V\u03b1MPiRE, la nostra iniziativa rivoluzionaria, \u00e8 pronta a cambiare questa narrazione.<br><br>Questo progetto visionario mira a rivoluzionare la diagnosi precoce, la prognosi e la gestione del morbo di Parkinson attraverso scienza e innovazione all\u2019avanguardia.<\/p><\/div><\/div>\n<\/div>\n<\/div>\n<\/div>\n\n\n\n<div class=\"wp-block-uagb-container uagb-block-ac68d052\">\n<div class=\"wp-block-uagb-container uagb-block-5b822b2f\">\n<div class=\"wp-block-uagb-info-box uagb-block-6fba7136 uagb-infobox__content-wrap  uagb-infobox-icon-above-title uagb-infobox-image-valign-top wp-block-uagb-info-box--has-margin\"><div class=\"uagb-infobox-margin-wrapper\"><div class=\"uagb-ifb-content\"><div class=\"uagb-ifb-image-content\"><img decoding=\"async\" src=\"http:\/\/www.vampire-eu.com\/wp-content\/uploads\/2025\/02\/early-detection-150x150.png\" alt=\"\" width=\"\" height=\"0\" loading=\"lazy\"\/><\/div><div class=\"uagb-ifb-title-wrap\"><h3 class=\"uagb-ifb-title\"><strong>Una nuova visione della diagnosi precoce<\/strong><\/h3><\/div><p class=\"uagb-ifb-desc\">Sfruttando le recenti scoperte, studieremo le isoforme e i biomarcatori dell\u2019\u03b1-sinucleina (\u03b1-Syn) in vescicole extracellulari derivate da neuroni (NDEV), utilizzando campioni di sangue di 1.200 partecipanti. Il nostro approccio \u00e8 progettato per individuare i segnali pi\u00f9 precoci del morbo di Parkinson.<\/p><\/div><\/div><\/div>\n\n\n\n<div class=\"wp-block-uagb-info-box uagb-block-744360f2 uagb-infobox__content-wrap  uagb-infobox-icon-above-title uagb-infobox-image-valign-top wp-block-uagb-info-box--has-margin\"><div class=\"uagb-infobox-margin-wrapper\"><div class=\"uagb-ifb-content\"><div class=\"uagb-ifb-image-content\"><img decoding=\"async\" src=\"http:\/\/www.vampire-eu.com\/wp-content\/uploads\/2025\/02\/AI-powered-150x150.png\" alt=\"\" width=\"\" height=\"0\" loading=\"lazy\"\/><\/div><div class=\"uagb-ifb-title-wrap\"><h3 class=\"uagb-ifb-title\"><strong>Intuizioni guidate da AI<\/strong><\/h3><\/div><p class=\"uagb-ifb-desc\">Attraverso l\u2019uso di algoritmi avanzati dall\u2019Intelligenza Artificiale (AI), trasformeremo dati complessi sui biomarcatori in strumenti diagnostici concreti, garantendo precisione e affidabilit\u00e0 nei contesti clinici reali.<\/p><\/div><\/div><\/div>\n\n\n\n<div class=\"wp-block-uagb-info-box uagb-block-c747b819 uagb-infobox__content-wrap  uagb-infobox-icon-above-title uagb-infobox-image-valign-top wp-block-uagb-info-box--has-margin\"><div class=\"uagb-infobox-margin-wrapper\"><div class=\"uagb-ifb-content\"><div class=\"uagb-ifb-image-content\"><img decoding=\"async\" src=\"http:\/\/www.vampire-eu.com\/wp-content\/uploads\/2025\/02\/collaboration-150x150.png\" alt=\"\" width=\"\" height=\"0\" loading=\"lazy\"\/><\/div><div class=\"uagb-ifb-title-wrap\"><h3 class=\"uagb-ifb-title\"><strong>Uno sforzo collaborativo<\/strong><\/h3><\/div><p class=\"uagb-ifb-desc\">Lavorando insieme a laboratori leader e produttori di test diagnostici in vitro, puntiamo a creare e convalidare un test innovativo in vitro. Questo prototipo identificher\u00e0 il morbo di Parkinson nelle sue fasi pi\u00f9 precoci, ne stimer\u00e0 la progressione e monitorer\u00e0 la risposta al trattamento.<\/p><\/div><\/div><\/div>\n<\/div>\n<\/div>\n<\/div><\/div>\n\n\n\n<div class=\"wp-block-uagb-container uagb-block-76d6e945 alignfull uagb-is-root-container\"><div class=\"uagb-container-inner-blocks-wrap\">\n<div class=\"wp-block-uagb-container uagb-block-6b716a05\">\n<div class=\"wp-block-uagb-info-box uagb-block-d783a438 uagb-infobox__content-wrap  uagb-infobox-icon-above-title uagb-infobox-image-valign-top\"><div class=\"uagb-ifb-content\"><div class=\"uagb-ifb-title-wrap\"><h2 class=\"uagb-ifb-title\">Unisciti a noi in questo viaggio trasformativo<\/h2><\/div><p class=\"uagb-ifb-desc\">V\u03b1MPiRE rappresenta pi\u00f9 di un progetto; \u00e8 un movimento volto a ridefinire il modo in cui combattiamo il morbo di Parkinson. Costruiamo insieme il futuro, aprendo la strada a interventi pi\u00f9 precoci, trattamenti migliori e speranza per milioni di persone.<\/p><\/div><\/div>\n<\/div>\n\n\n\n<div class=\"wp-block-uagb-container uagb-block-0d176bbf\">\n<div class=\"wp-block-uagb-container uagb-block-296eb1e8\">\n<div class=\"wp-block-uagb-info-box uagb-block-e443b568 uagb-infobox__content-wrap  uagb-infobox-icon-above-title uagb-infobox-image-valign-top wp-block-uagb-info-box--has-margin\"><div class=\"uagb-infobox-margin-wrapper\"><div class=\"uagb-ifb-content\"><div class=\"uagb-ifb-image-content\"><img decoding=\"async\" src=\"http:\/\/www.vampire-eu.com\/wp-content\/uploads\/2025\/02\/revolutionizing-detection-150x150.png\" alt=\"\" width=\"\" height=\"0\" loading=\"lazy\"\/><\/div><div class=\"uagb-ifb-title-wrap\"><h3 class=\"uagb-ifb-title\"><strong>Rivoluzionare la diagnosi precoce e la prognosi del morbo di Parkinson<\/strong><\/h3><\/div><p class=\"uagb-ifb-desc\">Attraverso studi longitudinali rigorosi, controlli mensili e metodi di validazione all\u2019avanguardia, V\u03b1MPiRE garantir\u00e0 che il test sviluppato non solo rilevi precocemente il Parkinson, ma aiuti anche a prevederne la progressione e gli esiti del trattamento con precisione senza precedenti.<br>Lo studio longitudinale prevede un follow-up di 24 mesi sia per i partecipanti con malattia di Parkinson che per quelli senza, reclutati secondo una metodologia caso-controllo aggiustata per cluster.<br>Durante questo periodo, entrambi i gruppi saranno monitorati tramite sondaggi mensili sul progresso. Ci\u00f2 permetter\u00e0 di convalidare non solo la potenza statistica per la diagnosi del morbo di Parkinson, ma anche la progressione e la risposta al trattamento.<br>Inoltre, si prevede che circa il 5% di coloro inizialmente reclutati come soggetti non affetti dalla malattia svilupperanno la patologia. Ci\u00f2 render\u00e0 possibile stabilire la capacit\u00e0 di rilevamento nelle fasi molto precoci.<\/p><\/div><\/div><\/div>\n\n\n\n<div class=\"wp-block-uagb-info-box uagb-block-47c2595f uagb-infobox__content-wrap  uagb-infobox-icon-above-title uagb-infobox-image-valign-top wp-block-uagb-info-box--has-margin\"><div class=\"uagb-infobox-margin-wrapper\"><div class=\"uagb-ifb-content\"><div class=\"uagb-ifb-image-content\"><img decoding=\"async\" src=\"http:\/\/www.vampire-eu.com\/wp-content\/uploads\/2025\/02\/transforming_parkinson-150x150.png\" alt=\"\" width=\"\" height=\"0\" loading=\"lazy\"\/><\/div><div class=\"uagb-ifb-title-wrap\"><h3 class=\"uagb-ifb-title\"><strong>Trasformare la diagnosi del Parkinson: accessibile, conveniente e di grande impatto<\/strong><\/h3><\/div><p class=\"uagb-ifb-desc\">Immaginiamo un futuro in cui la diagnosi precoce del morbo di Parkinson sia accessibile, conveniente e trasformativa. Il nostro consorzio \u00e8 impegnato a tradurre queste scoperte in soluzioni commercializzate che beneficino pazienti e sistemi sanitari in tutto il mondo.<\/p><\/div><\/div><\/div>\n<\/div>\n<\/div>\n<\/div><\/div>\n\n\n\n<div class=\"wp-block-uagb-container uagb-layout-flex uagb-block-0d6e6fa5 alignfull uagb-is-root-container\"><div class=\"uagb-container-inner-blocks-wrap\">\n<div class=\"wp-block-uagb-container uagb-layout-flex uagb-block-02d1f134\">\n<div class=\"wp-block-uagb-container uagb-block-908880cf\">\n<div class=\"wp-block-uagb-image aligncenter uagb-block-c8280f42 wp-block-uagb-image--layout-default wp-block-uagb-image--effect-static wp-block-uagb-image--align-center\"><figure class=\"wp-block-uagb-image__figure\"><img decoding=\"async\" srcset=\"https:\/\/www.vampire-eu.com\/wp-content\/uploads\/2025\/02\/funded-cofunded-1-300x65.png ,https:\/\/www.vampire-eu.com\/wp-content\/uploads\/2025\/02\/funded-cofunded-1.png 780w, http:\/\/www.vampire-eu.com\/wp-content\/uploads\/2025\/02\/funded-cofunded-1-300x65.png 360w\" sizes=\"auto, (max-width: 480px) 150px\" src=\"https:\/\/www.vampire-eu.com\/wp-content\/uploads\/2025\/02\/funded-cofunded-1-300x65.png\" alt=\"\" class=\"uag-image-4498\" width=\"400\" height=\"100\" title=\"European Union\" loading=\"lazy\" role=\"img\"\/><\/figure><\/div>\n<\/div>\n\n\n\n<div class=\"wp-block-uagb-container uagb-block-e5d1e2a0\">\n<p class=\"has-ast-global-color-6-color has-text-color has-link-color wp-elements-b803d6e561141eda2820758b3af0741d\" style=\"padding-top:10px;padding-right:10px;padding-bottom:0px;padding-left:10px\">Questo progetto ha ricevuto finanziamenti dal programma HORIZON-HLTH-2024-DISEASE-03-two-stage dell\u2019Unione Europea. <a href=\"https:\/\/cordis.europa.eu\/project\/id\/101156370\">grant agreement No 101156370<\/a>.<br>Le opinioni e i punti di vista espressi sono esclusivamente quelli degli autori e non riflettono necessariamente quelli dell\u2019Unione Europea o del programma HORIZON-RIA. N\u00e9 l\u2019Unione Europea n\u00e9 l\u2019autorit\u00e0 di finanziamento possono essere ritenute responsabili.<\/p>\n<\/div>\n<\/div>\n<\/div><\/div>","protected":false},"excerpt":{"rendered":"","protected":false},"author":2,"featured_media":0,"parent":0,"menu_order":0,"comment_status":"closed","ping_status":"closed","template":"","meta":{"_uag_custom_page_level_css":"","site-sidebar-layout":"default","site-content-layout":"","ast-site-content-layout":"full-width-container","site-content-style":"default","site-sidebar-style":"default","ast-global-header-display":"","ast-banner-title-visibility":"","ast-main-header-display":"","ast-hfb-above-header-display":"","ast-hfb-below-header-display":"","ast-hfb-mobile-header-display":"","site-post-title":"disabled","ast-breadcrumbs-content":"","ast-featured-img":"","footer-sml-layout":"","theme-transparent-header-meta":"enabled","adv-header-id-meta":"","stick-header-meta":"","header-above-stick-meta":"","header-main-stick-meta":"","header-below-stick-meta":"","astra-migrate-meta-layouts":"default","ast-page-background-enabled":"default","ast-page-background-meta":{"desktop":{"background-color":"var(--ast-global-color-4)","background-image":"","background-repeat":"repeat","background-position":"center center","background-size":"auto","background-attachment":"scroll","background-type":"","background-media":"","overlay-type":"","overlay-color":"","overlay-opacity":"","overlay-gradient":""},"tablet":{"background-color":"","background-image":"","background-repeat":"repeat","background-position":"center center","background-size":"auto","background-attachment":"scroll","background-type":"","background-media":"","overlay-type":"","overlay-color":"","overlay-opacity":"","overlay-gradient":""},"mobile":{"background-color":"","background-image":"","background-repeat":"repeat","background-position":"center center","background-size":"auto","background-attachment":"scroll","background-type":"","background-media":"","overlay-type":"","overlay-color":"","overlay-opacity":"","overlay-gradient":""}},"ast-content-background-meta":{"desktop":{"background-color":"var(--ast-global-color-5)","background-image":"","background-repeat":"repeat","background-position":"center center","background-size":"auto","background-attachment":"scroll","background-type":"","background-media":"","overlay-type":"","overlay-color":"","overlay-opacity":"","overlay-gradient":""},"tablet":{"background-color":"var(--ast-global-color-5)","background-image":"","background-repeat":"repeat","background-position":"center center","background-size":"auto","background-attachment":"scroll","background-type":"","background-media":"","overlay-type":"","overlay-color":"","overlay-opacity":"","overlay-gradient":""},"mobile":{"background-color":"var(--ast-global-color-5)","background-image":"","background-repeat":"repeat","background-position":"center center","background-size":"auto","background-attachment":"scroll","background-type":"","background-media":"","overlay-type":"","overlay-color":"","overlay-opacity":"","overlay-gradient":""}},"footnotes":""},"class_list":["post-20","page","type-page","status-publish","hentry"],"yoast_head":"<!-- This site is optimized with the Yoast SEO plugin v25.2 - https:\/\/yoast.com\/wordpress\/plugins\/seo\/ -->\n<title>Home - V\u03b1MPiRE<\/title>\n<meta name=\"description\" content=\"Parkinson&#039;s disease early detection\" \/>\n<meta name=\"robots\" content=\"index, follow, max-snippet:-1, max-image-preview:large, max-video-preview:-1\" \/>\n<link rel=\"canonical\" href=\"https:\/\/www.vampire-eu.com\/it\/\" \/>\n<meta name=\"twitter:card\" content=\"summary_large_image\" \/>\n<meta name=\"twitter:title\" content=\"Home - V\u03b1MPiRE\" \/>\n<meta name=\"twitter:description\" content=\"Parkinson&#039;s disease early detection\" \/>\n<meta name=\"twitter:image\" content=\"http:\/\/www.vampire-eu.com\/wp-content\/uploads\/2025\/02\/Brain.jpg\" \/>\n<meta name=\"twitter:label1\" content=\"Tempo di lettura stimato\" \/>\n\t<meta name=\"twitter:data1\" content=\"5 minuti\" \/>\n<script type=\"application\/ld+json\" class=\"yoast-schema-graph\">{\"@context\":\"https:\/\/schema.org\",\"@graph\":[{\"@type\":\"WebPage\",\"@id\":\"https:\/\/www.vampire-eu.com\/\",\"url\":\"https:\/\/www.vampire-eu.com\/\",\"name\":\"Home - V\u03b1MPiRE\",\"isPartOf\":{\"@id\":\"https:\/\/www.vampire-eu.com\/#website\"},\"primaryImageOfPage\":{\"@id\":\"https:\/\/www.vampire-eu.com\/#primaryimage\"},\"image\":{\"@id\":\"https:\/\/www.vampire-eu.com\/#primaryimage\"},\"thumbnailUrl\":\"http:\/\/www.vampire-eu.com\/wp-content\/uploads\/2025\/02\/Brain.jpg\",\"datePublished\":\"2025-02-12T15:12:51+00:00\",\"dateModified\":\"2025-06-17T15:57:30+00:00\",\"description\":\"Parkinson's disease early detection\",\"breadcrumb\":{\"@id\":\"https:\/\/www.vampire-eu.com\/#breadcrumb\"},\"inLanguage\":\"it-IT\",\"potentialAction\":[{\"@type\":\"ReadAction\",\"target\":[\"https:\/\/www.vampire-eu.com\/\"]}]},{\"@type\":\"ImageObject\",\"inLanguage\":\"it-IT\",\"@id\":\"https:\/\/www.vampire-eu.com\/#primaryimage\",\"url\":\"http:\/\/www.vampire-eu.com\/wp-content\/uploads\/2025\/02\/Brain.jpg\",\"contentUrl\":\"http:\/\/www.vampire-eu.com\/wp-content\/uploads\/2025\/02\/Brain.jpg\"},{\"@type\":\"BreadcrumbList\",\"@id\":\"https:\/\/www.vampire-eu.com\/#breadcrumb\",\"itemListElement\":[{\"@type\":\"ListItem\",\"position\":1,\"name\":\"Home\",\"item\":\"https:\/\/www.vampire-eu.com\/\"},{\"@type\":\"ListItem\",\"position\":2,\"name\":\"Home\"}]},{\"@type\":\"WebSite\",\"@id\":\"https:\/\/www.vampire-eu.com\/#website\",\"url\":\"https:\/\/www.vampire-eu.com\/\",\"name\":\"V\u03b1MPiRE\",\"description\":\"\",\"publisher\":{\"@id\":\"https:\/\/www.vampire-eu.com\/#organization\"},\"potentialAction\":[{\"@type\":\"SearchAction\",\"target\":{\"@type\":\"EntryPoint\",\"urlTemplate\":\"https:\/\/www.vampire-eu.com\/?s={search_term_string}\"},\"query-input\":{\"@type\":\"PropertyValueSpecification\",\"valueRequired\":true,\"valueName\":\"search_term_string\"}}],\"inLanguage\":\"it-IT\"},{\"@type\":\"Organization\",\"@id\":\"https:\/\/www.vampire-eu.com\/#organization\",\"name\":\"V\u03b1MPiRE\",\"url\":\"https:\/\/www.vampire-eu.com\/\",\"logo\":{\"@type\":\"ImageObject\",\"inLanguage\":\"it-IT\",\"@id\":\"https:\/\/www.vampire-eu.com\/#\/schema\/logo\/image\/\",\"url\":\"https:\/\/www.vampire-eu.com\/wp-content\/uploads\/2025\/02\/cropped-cropped-V\u03b1MPiRE.png\",\"contentUrl\":\"https:\/\/www.vampire-eu.com\/wp-content\/uploads\/2025\/02\/cropped-cropped-V\u03b1MPiRE.png\",\"width\":512,\"height\":512,\"caption\":\"V\u03b1MPiRE\"},\"image\":{\"@id\":\"https:\/\/www.vampire-eu.com\/#\/schema\/logo\/image\/\"},\"sameAs\":[\"https:\/\/www.linkedin.com\/showcase\/biosomics\/about\"]}]}<\/script>\n<!-- \/ Yoast SEO plugin. -->","yoast_head_json":{"title":"Home - V\u03b1MPiRE","description":"Parkinson's disease early detection","robots":{"index":"index","follow":"follow","max-snippet":"max-snippet:-1","max-image-preview":"max-image-preview:large","max-video-preview":"max-video-preview:-1"},"canonical":"https:\/\/www.vampire-eu.com\/it\/","twitter_card":"summary_large_image","twitter_title":"Home - V\u03b1MPiRE","twitter_description":"Parkinson's disease early detection","twitter_image":"http:\/\/www.vampire-eu.com\/wp-content\/uploads\/2025\/02\/Brain.jpg","twitter_misc":{"Tempo di lettura stimato":"5 minuti"},"schema":{"@context":"https:\/\/schema.org","@graph":[{"@type":"WebPage","@id":"https:\/\/www.vampire-eu.com\/","url":"https:\/\/www.vampire-eu.com\/","name":"Home - V\u03b1MPiRE","isPartOf":{"@id":"https:\/\/www.vampire-eu.com\/#website"},"primaryImageOfPage":{"@id":"https:\/\/www.vampire-eu.com\/#primaryimage"},"image":{"@id":"https:\/\/www.vampire-eu.com\/#primaryimage"},"thumbnailUrl":"http:\/\/www.vampire-eu.com\/wp-content\/uploads\/2025\/02\/Brain.jpg","datePublished":"2025-02-12T15:12:51+00:00","dateModified":"2025-06-17T15:57:30+00:00","description":"Parkinson's disease early detection","breadcrumb":{"@id":"https:\/\/www.vampire-eu.com\/#breadcrumb"},"inLanguage":"it-IT","potentialAction":[{"@type":"ReadAction","target":["https:\/\/www.vampire-eu.com\/"]}]},{"@type":"ImageObject","inLanguage":"it-IT","@id":"https:\/\/www.vampire-eu.com\/#primaryimage","url":"http:\/\/www.vampire-eu.com\/wp-content\/uploads\/2025\/02\/Brain.jpg","contentUrl":"http:\/\/www.vampire-eu.com\/wp-content\/uploads\/2025\/02\/Brain.jpg"},{"@type":"BreadcrumbList","@id":"https:\/\/www.vampire-eu.com\/#breadcrumb","itemListElement":[{"@type":"ListItem","position":1,"name":"Home","item":"https:\/\/www.vampire-eu.com\/"},{"@type":"ListItem","position":2,"name":"Home"}]},{"@type":"WebSite","@id":"https:\/\/www.vampire-eu.com\/#website","url":"https:\/\/www.vampire-eu.com\/","name":"V\u03b1MPiRE","description":"","publisher":{"@id":"https:\/\/www.vampire-eu.com\/#organization"},"potentialAction":[{"@type":"SearchAction","target":{"@type":"EntryPoint","urlTemplate":"https:\/\/www.vampire-eu.com\/?s={search_term_string}"},"query-input":{"@type":"PropertyValueSpecification","valueRequired":true,"valueName":"search_term_string"}}],"inLanguage":"it-IT"},{"@type":"Organization","@id":"https:\/\/www.vampire-eu.com\/#organization","name":"V\u03b1MPiRE","url":"https:\/\/www.vampire-eu.com\/","logo":{"@type":"ImageObject","inLanguage":"it-IT","@id":"https:\/\/www.vampire-eu.com\/#\/schema\/logo\/image\/","url":"https:\/\/www.vampire-eu.com\/wp-content\/uploads\/2025\/02\/cropped-cropped-V\u03b1MPiRE.png","contentUrl":"https:\/\/www.vampire-eu.com\/wp-content\/uploads\/2025\/02\/cropped-cropped-V\u03b1MPiRE.png","width":512,"height":512,"caption":"V\u03b1MPiRE"},"image":{"@id":"https:\/\/www.vampire-eu.com\/#\/schema\/logo\/image\/"},"sameAs":["https:\/\/www.linkedin.com\/showcase\/biosomics\/about"]}]}},"uagb_featured_image_src":{"full":false,"thumbnail":false,"medium":false,"medium_large":false,"large":false,"1536x1536":false,"2048x2048":false,"trp-custom-language-flag":false},"uagb_author_info":{"display_name":"Pedro Sanchez","author_link":"https:\/\/www.vampire-eu.com\/it\/author\/slpedro\/"},"uagb_comment_info":0,"uagb_excerpt":null,"_links":{"self":[{"href":"https:\/\/www.vampire-eu.com\/it\/wp-json\/wp\/v2\/pages\/20","targetHints":{"allow":["GET"]}}],"collection":[{"href":"https:\/\/www.vampire-eu.com\/it\/wp-json\/wp\/v2\/pages"}],"about":[{"href":"https:\/\/www.vampire-eu.com\/it\/wp-json\/wp\/v2\/types\/page"}],"author":[{"embeddable":true,"href":"https:\/\/www.vampire-eu.com\/it\/wp-json\/wp\/v2\/users\/2"}],"replies":[{"embeddable":true,"href":"https:\/\/www.vampire-eu.com\/it\/wp-json\/wp\/v2\/comments?post=20"}],"version-history":[{"count":146,"href":"https:\/\/www.vampire-eu.com\/it\/wp-json\/wp\/v2\/pages\/20\/revisions"}],"predecessor-version":[{"id":5456,"href":"https:\/\/www.vampire-eu.com\/it\/wp-json\/wp\/v2\/pages\/20\/revisions\/5456"}],"wp:attachment":[{"href":"https:\/\/www.vampire-eu.com\/it\/wp-json\/wp\/v2\/media?parent=20"}],"curies":[{"name":"wp","href":"https:\/\/api.w.org\/{rel}","templated":true}]}}