{"id":20,"date":"2025-02-12T15:12:51","date_gmt":"2025-02-12T15:12:51","guid":{"rendered":"http:\/\/www.vampire-eu.com\/home\/"},"modified":"2025-06-17T15:57:30","modified_gmt":"2025-06-17T15:57:30","slug":"home-2","status":"publish","type":"page","link":"https:\/\/www.vampire-eu.com\/fr\/","title":{"rendered":"Accueil"},"content":{"rendered":"<div class=\"wp-block-uagb-container uagb-block-cd08ac4c alignfull uagb-is-root-container\"><div class=\"uagb-container-inner-blocks-wrap\">\n<div class=\"wp-block-uagb-info-box uagb-block-1cbb6637 uagb-infobox__content-wrap  uagb-infobox-icon-above-title uagb-infobox-image-valign-top wp-block-uagb-info-box--has-margin\"><div class=\"uagb-infobox-margin-wrapper\"><div class=\"uagb-ifb-content\"><div class=\"uagb-ifb-title-wrap\"><h2 class=\"uagb-ifb-title\">V\u03b1MPiRE <br>Validation des modifications de l\u2019\u03b1-synucl\u00e9ine dans l\u2019\u00e9volution de la maladie de Parkinson<\/h2><\/div><\/div><\/div><\/div>\n<\/div><\/div>\n\n\n\n<div class=\"wp-block-uagb-container uagb-block-e6e6d851 alignfull uagb-is-root-container\"><div class=\"uagb-container-inner-blocks-wrap\">\n<div class=\"wp-block-uagb-info-box uagb-block-209471ca uagb-infobox__content-wrap  uagb-infobox-icon-above-title uagb-infobox-image-valign-top wp-block-uagb-info-box--has-margin\"><div class=\"uagb-infobox-margin-wrapper\"><div class=\"uagb-ifb-content\"><div class=\"uagb-ifb-title-wrap\"><h2 class=\"uagb-ifb-title\">V\u03b1MPiRE en un coup d\u2019\u0153il<\/h2><\/div><p class=\"uagb-ifb-desc\">La maladie de Parkinson (MP) est un trouble neurod\u00e9g\u00e9n\u00e9ratif progressif qui touche plus de 9,4 millions de personnes dans le monde, un chiffre qui pourrait d\u00e9passer les 12 millions d\u2019ici 2040. Malgr\u00e9 les avanc\u00e9es, le diagnostic pr\u00e9coce et le traitement demeurent difficiles en raison de l\u2019absence de biomarqueurs fiables. Les prot\u00e9ines \u03b1-synucl\u00e9ine mal repli\u00e9es jouent un r\u00f4le cl\u00e9 dans la pathologie de la MP et sont apparues comme des cibles diagnostiques prometteuses. Le projet V\u03b1MPiRE, financ\u00e9 par l\u2019UE, \u00e9tudiera les isoformes de l\u2019\u03b1-synucl\u00e9ine dans les v\u00e9sicules extracellulaires d\u2019origine neuronale, issues d\u2019une large cohorte de patients atteints de la MP et de t\u00e9moins non atteints. Les r\u00e9sultats du projet contribueront au d\u00e9veloppement d\u2019un nouveau test de diagnostic in vitro (IVD) pour la d\u00e9tection pr\u00e9coce de la MP et le suivi de sa progression. Cette innovation pourrait am\u00e9liorer le d\u00e9pistage pr\u00e9coce, la d\u00e9tection, la gestion de la maladie et les r\u00e9sultats pour les patients, afin de mettre au point de meilleurs traitements.<\/p><\/div><\/div><\/div>\n\n\n\n<div class=\"wp-block-uagb-info-box uagb-block-41724f1a uagb-infobox__content-wrap  uagb-infobox-icon-above-title uagb-infobox-image-valign-top wp-block-uagb-info-box--has-margin\"><div class=\"uagb-infobox-margin-wrapper\"><div class=\"uagb-ifb-content\"><div class=\"uagb-ifb-title-wrap\"><\/div><p class=\"uagb-ifb-desc\"><em><em><em><em><em>Un d\u00e9pistage am\u00e9lior\u00e9 de la maladie de Parkinson permettra une d\u00e9tection plus pr\u00e9coce pour 270 000 nouveaux cas annuels, ainsi qu\u2019une meilleure prise en charge des 9,4 millions de personnes actuellement diagnostiqu\u00e9es. Cela permettra d\u2019\u00e9viter la perte de 5,8 millions d\u2019ann\u00e9es de vie ajust\u00e9es sur l\u2019incapacit\u00e9 (DALYs) d\u2019ici 2028 et facilitera le d\u00e9veloppement de traitements plus efficaces.<\/em><\/em><\/em><\/em><\/em><\/p><\/div><\/div><\/div>\n\n\n\n<div class=\"wp-block-group has-link-color wp-elements-829e3f9f838bf379cd98f2674f657312 is-layout-constrained wp-container-core-group-is-layout-8c49bb0c wp-block-group-is-layout-constrained has-background\" style=\"border-style:none;border-width:0px;border-radius:15px;margin-top:0;margin-bottom:0;padding-right:0;padding-left:0;background-image:url(&apos;https:\/\/www.vampire-eu.com\/wp-content\/uploads\/2025\/06\/Screenshot-2025-06-17-at-16.51.47.png&apos;);background-position:37% 38%;background-size:cover;background-attachment:scroll;\">\n<div class=\"wp-block-uagb-info-box uagb-block-31626290 uagb-infobox__content-wrap  uagb-infobox-icon-above-title uagb-infobox-image-valign-top wp-block-uagb-info-box--has-margin\"><div class=\"uagb-infobox-margin-wrapper\"><div class=\"uagb-ifb-content\"><div class=\"uagb-ifb-title-wrap\"><h3 class=\"uagb-ifb-title\"><strong><a href=\"https:\/\/www.vampire-eu.com\/fr\/joinus\/\">Nous recrutons des participants pour notre essai clinique !<\/a><\/strong><\/h3><\/div><p class=\"uagb-ifb-desc\"><a href=\"https:\/\/www.vampire-eu.com\/fr\/joinus\/\">Que vous ayez la maladie de Parkinson ou non, vous pouvez nous aider \u00e0 faire progresser la d\u00e9tection pr\u00e9coce de la maladie<\/a><\/p><\/div><\/div><\/div>\n<\/div>\n<\/div><\/div>\n\n\n\n<div class=\"wp-block-uagb-container uagb-block-c5406398 alignfull uagb-is-root-container\"><div class=\"uagb-container-inner-blocks-wrap\">\n<div class=\"wp-block-uagb-info-box uagb-block-e97fad00 uagb-infobox__content-wrap  uagb-infobox-icon-above-title uagb-infobox-image-valign-top\"><div class=\"uagb-ifb-content\"><div class=\"uagb-ifb-title-wrap\"><h2 class=\"uagb-ifb-title\">Un changement de paradigme dans la lutte contre la maladie de Parkinson<\/h2><\/div><\/div><\/div>\n\n\n\n<div class=\"wp-block-uagb-container uagb-block-9344282c\">\n<div class=\"wp-block-columns is-layout-flex wp-container-core-columns-is-layout-28f84493 wp-block-columns-is-layout-flex\">\n<div class=\"wp-block-column uag-hide-mob is-layout-flow wp-block-column-is-layout-flow\" style=\"flex-basis:300px\">\n<div class=\"wp-block-uagb-image alignleft uagb-block-e735600e wp-block-uagb-image--layout-default wp-block-uagb-image--effect-static wp-block-uagb-image--align-left\"><figure class=\"wp-block-uagb-image__figure\"><img decoding=\"async\" srcset=\"https:\/\/www.vampire-eu.com\/wp-content\/uploads\/2025\/02\/Brain.jpg ,https:\/\/www.vampire-eu.com\/wp-content\/uploads\/2025\/02\/Brain.jpg 780w, https:\/\/www.vampire-eu.com\/wp-content\/uploads\/2025\/02\/Brain.jpg 360w\" sizes=\"auto, (max-width: 480px) 150px\" src=\"https:\/\/www.vampire-eu.com\/wp-content\/uploads\/2025\/02\/Brain.jpg\" alt=\"\" class=\"uag-image-4719\" width=\"300\" height=\"223\" title=\"Brain\" loading=\"lazy\" role=\"img\"\/><\/figure><\/div>\n<\/div>\n\n\n\n<div class=\"wp-block-column is-layout-flow wp-block-column-is-layout-flow\">\n<div class=\"wp-block-uagb-info-box uagb-block-2f4a5e7b uagb-infobox__content-wrap  uagb-infobox-icon-above-title uagb-infobox-image-valign-top\"><div class=\"uagb-ifb-content\"><div class=\"uagb-ifb-title-wrap\"><\/div><p class=\"uagb-ifb-desc\">La maladie de Parkinson (MP) touche des millions de personnes dans le monde, sa nature progressive laissant patients et aidants dans une lutte constante contre ses effets invalidants. Malgr\u00e9 des ann\u00e9es de recherche, l\u2019absence d\u2019outils de diagnostic pr\u00e9coce et de biomarqueurs efficaces nous maintient un pas en arri\u00e8re dans ce combat. Aujourd\u2019hui, V\u03b1MPiRE, notre initiative r\u00e9volutionnaire, est sur le point de changer la donne.<br><br>Ce projet visionnaire vise \u00e0 r\u00e9volutionner la d\u00e9tection pr\u00e9coce, le pronostic et la prise en charge de la maladie de Parkinson gr\u00e2ce \u00e0 une science de pointe et \u00e0 l\u2019innovation.<\/p><\/div><\/div>\n<\/div>\n<\/div>\n<\/div>\n\n\n\n<div class=\"wp-block-uagb-container uagb-block-ac68d052\">\n<div class=\"wp-block-uagb-container uagb-block-5b822b2f\">\n<div class=\"wp-block-uagb-info-box uagb-block-6fba7136 uagb-infobox__content-wrap  uagb-infobox-icon-above-title uagb-infobox-image-valign-top wp-block-uagb-info-box--has-margin\"><div class=\"uagb-infobox-margin-wrapper\"><div class=\"uagb-ifb-content\"><div class=\"uagb-ifb-image-content\"><img decoding=\"async\" src=\"http:\/\/www.vampire-eu.com\/wp-content\/uploads\/2025\/02\/early-detection-150x150.png\" alt=\"\" width=\"\" height=\"0\" loading=\"lazy\"\/><\/div><div class=\"uagb-ifb-title-wrap\"><h3 class=\"uagb-ifb-title\"><strong>La d\u00e9tection pr\u00e9coce r\u00e9invent\u00e9e<\/strong><\/h3><\/div><p class=\"uagb-ifb-desc\">En tirant parti des d\u00e9couvertes r\u00e9centes, nous \u00e9tudierons les isoformes de l\u2019\u03b1-synucl\u00e9ine (\u03b1-Syn) et les biomarqueurs pr\u00e9sents dans les v\u00e9sicules extracellulaires d\u2019origine neuronale (NDEV), en utilisant des \u00e9chantillons sanguins de 1 200 participants. Notre approche est con\u00e7ue pour r\u00e9v\u00e9ler les premiers signes de la maladie de Parkinson.<\/p><\/div><\/div><\/div>\n\n\n\n<div class=\"wp-block-uagb-info-box uagb-block-744360f2 uagb-infobox__content-wrap  uagb-infobox-icon-above-title uagb-infobox-image-valign-top wp-block-uagb-info-box--has-margin\"><div class=\"uagb-infobox-margin-wrapper\"><div class=\"uagb-ifb-content\"><div class=\"uagb-ifb-image-content\"><img decoding=\"async\" src=\"http:\/\/www.vampire-eu.com\/wp-content\/uploads\/2025\/02\/AI-powered-150x150.png\" alt=\"\" width=\"\" height=\"0\" loading=\"lazy\"\/><\/div><div class=\"uagb-ifb-title-wrap\"><h3 class=\"uagb-ifb-title\"><strong>Des analyses renforc\u00e9es par l\u2019IA<\/strong><\/h3><\/div><p class=\"uagb-ifb-desc\">En utilisant des algorithmes avanc\u00e9s d\u2019intelligence artificielle (IA), nous transformerons des donn\u00e9es complexes de biomarqueurs en outils diagnostiques exploitables, garantissant pr\u00e9cision et fiabilit\u00e9 dans des conditions cliniques r\u00e9elles.<\/p><\/div><\/div><\/div>\n\n\n\n<div class=\"wp-block-uagb-info-box uagb-block-c747b819 uagb-infobox__content-wrap  uagb-infobox-icon-above-title uagb-infobox-image-valign-top wp-block-uagb-info-box--has-margin\"><div class=\"uagb-infobox-margin-wrapper\"><div class=\"uagb-ifb-content\"><div class=\"uagb-ifb-image-content\"><img decoding=\"async\" src=\"http:\/\/www.vampire-eu.com\/wp-content\/uploads\/2025\/02\/collaboration-150x150.png\" alt=\"\" width=\"\" height=\"0\" loading=\"lazy\"\/><\/div><div class=\"uagb-ifb-title-wrap\"><h3 class=\"uagb-ifb-title\"><strong>Un effort collaboratif<\/strong><\/h3><\/div><p class=\"uagb-ifb-desc\">En collaboration avec des laboratoires de premier plan et des fabricants de dispositifs m\u00e9dicaux de diagnostic in vitro (DIV), nous visons \u00e0 cr\u00e9er et valider un test DIV innovant. Ce prototype permettra d\u2019identifier la maladie de Parkinson \u00e0 ses tout premiers stades, d\u2019estimer la progression de la maladie et de surveiller la r\u00e9ponse au traitement.<\/p><\/div><\/div><\/div>\n<\/div>\n<\/div>\n<\/div><\/div>\n\n\n\n<div class=\"wp-block-uagb-container uagb-block-76d6e945 alignfull uagb-is-root-container\"><div class=\"uagb-container-inner-blocks-wrap\">\n<div class=\"wp-block-uagb-container uagb-block-6b716a05\">\n<div class=\"wp-block-uagb-info-box uagb-block-d783a438 uagb-infobox__content-wrap  uagb-infobox-icon-above-title uagb-infobox-image-valign-top\"><div class=\"uagb-ifb-content\"><div class=\"uagb-ifb-title-wrap\"><h2 class=\"uagb-ifb-title\">Rejoignez-nous dans ce voyage transformateur<\/h2><\/div><p class=\"uagb-ifb-desc\">V\u03b1MPiRE repr\u00e9sente bien plus qu\u2019un projet ; c\u2019est un mouvement visant \u00e0 red\u00e9finir notre lutte contre la maladie de Parkinson. Construisons ensemble l\u2019avenir, en ouvrant la voie \u00e0 des interventions plus pr\u00e9coces, de meilleurs traitements et de l\u2019espoir pour des millions de personnes.<\/p><\/div><\/div>\n<\/div>\n\n\n\n<div class=\"wp-block-uagb-container uagb-block-0d176bbf\">\n<div class=\"wp-block-uagb-container uagb-block-296eb1e8\">\n<div class=\"wp-block-uagb-info-box uagb-block-e443b568 uagb-infobox__content-wrap  uagb-infobox-icon-above-title uagb-infobox-image-valign-top wp-block-uagb-info-box--has-margin\"><div class=\"uagb-infobox-margin-wrapper\"><div class=\"uagb-ifb-content\"><div class=\"uagb-ifb-image-content\"><img decoding=\"async\" src=\"http:\/\/www.vampire-eu.com\/wp-content\/uploads\/2025\/02\/revolutionizing-detection-150x150.png\" alt=\"\" width=\"\" height=\"0\" loading=\"lazy\"\/><\/div><div class=\"uagb-ifb-title-wrap\"><h3 class=\"uagb-ifb-title\"><strong>R\u00e9volutionner la d\u00e9tection pr\u00e9coce et le pronostic de la maladie de Parkinson<\/strong><\/h3><\/div><p class=\"uagb-ifb-desc\">Gr\u00e2ce \u00e0 des \u00e9tudes longitudinales rigoureuses, des contr\u00f4les mensuels et des m\u00e9thodes de validation de pointe, V\u03b1MPiRE garantira que le test d\u00e9velopp\u00e9 non seulement d\u00e9tecte pr\u00e9cocement la maladie de Parkinson, mais aide \u00e9galement \u00e0 pr\u00e9voir sa progression et les r\u00e9sultats du traitement avec une pr\u00e9cision sans pr\u00e9c\u00e9dent.<br>L\u2019\u00e9tude longitudinale comprend un suivi de 24 mois des participants atteints de la maladie de Parkinson ainsi que des t\u00e9moins, recrut\u00e9s selon une m\u00e9thodologie cas-t\u00e9moins ajust\u00e9e en grappes.<br>Pendant cette p\u00e9riode, les deux cohortes seront suivies \u00e0 l\u2019aide d\u2019enqu\u00eates mensuelles sur leur progression. Cela permettra de valider non seulement la puissance statistique de la d\u00e9tection de la maladie de Parkinson, mais aussi la progression de la maladie et la r\u00e9ponse au traitement.<br>De plus, environ 5% des personnes initialement recrut\u00e9es en tant que sujets non atteints de la maladie de Parkinson devraient d\u00e9velopper la maladie. Cela permettra d\u2019\u00e9valuer la capacit\u00e9 de d\u00e9tection \u00e0 des stades tr\u00e8s pr\u00e9coces.<\/p><\/div><\/div><\/div>\n\n\n\n<div class=\"wp-block-uagb-info-box uagb-block-47c2595f uagb-infobox__content-wrap  uagb-infobox-icon-above-title uagb-infobox-image-valign-top wp-block-uagb-info-box--has-margin\"><div class=\"uagb-infobox-margin-wrapper\"><div class=\"uagb-ifb-content\"><div class=\"uagb-ifb-image-content\"><img decoding=\"async\" src=\"http:\/\/www.vampire-eu.com\/wp-content\/uploads\/2025\/02\/transforming_parkinson-150x150.png\" alt=\"\" width=\"\" height=\"0\" loading=\"lazy\"\/><\/div><div class=\"uagb-ifb-title-wrap\"><h3 class=\"uagb-ifb-title\"><strong>Transformer le diagnostic de la maladie de Parkinson : accessible, abordable et efficace<\/strong><\/h3><\/div><p class=\"uagb-ifb-desc\">Nous envisageons un avenir o\u00f9 le diagnostic pr\u00e9coce de la maladie de Parkinson sera accessible, abordable et r\u00e9volutionnaire. Notre consortium s\u2019engage \u00e0 transformer ces avanc\u00e9es en solutions commercialis\u00e9es qui b\u00e9n\u00e9ficieront aux patients et aux syst\u00e8mes de sant\u00e9 du monde entier.<\/p><\/div><\/div><\/div>\n<\/div>\n<\/div>\n<\/div><\/div>\n\n\n\n<div class=\"wp-block-uagb-container uagb-layout-flex uagb-block-0d6e6fa5 alignfull uagb-is-root-container\"><div class=\"uagb-container-inner-blocks-wrap\">\n<div class=\"wp-block-uagb-container uagb-layout-flex uagb-block-02d1f134\">\n<div class=\"wp-block-uagb-container uagb-block-908880cf\">\n<div class=\"wp-block-uagb-image aligncenter uagb-block-c8280f42 wp-block-uagb-image--layout-default wp-block-uagb-image--effect-static wp-block-uagb-image--align-center\"><figure class=\"wp-block-uagb-image__figure\"><img decoding=\"async\" srcset=\"https:\/\/www.vampire-eu.com\/wp-content\/uploads\/2025\/02\/funded-cofunded-1-300x65.png ,https:\/\/www.vampire-eu.com\/wp-content\/uploads\/2025\/02\/funded-cofunded-1.png 780w, http:\/\/www.vampire-eu.com\/wp-content\/uploads\/2025\/02\/funded-cofunded-1-300x65.png 360w\" sizes=\"auto, (max-width: 480px) 150px\" src=\"https:\/\/www.vampire-eu.com\/wp-content\/uploads\/2025\/02\/funded-cofunded-1-300x65.png\" alt=\"\" class=\"uag-image-4498\" width=\"400\" height=\"100\" title=\"European Union\" loading=\"lazy\" role=\"img\"\/><\/figure><\/div>\n<\/div>\n\n\n\n<div class=\"wp-block-uagb-container uagb-block-e5d1e2a0\">\n<p class=\"has-ast-global-color-6-color has-text-color has-link-color wp-elements-b803d6e561141eda2820758b3af0741d\" style=\"padding-top:10px;padding-right:10px;padding-bottom:0px;padding-left:10px\">Ce projet a re\u00e7u un financement dans le cadre du programme HORIZON-HLTH-2024-DISEASE-03 \u00e0 deux \u00e9tapes de l\u2019Union europ\u00e9enne. <a href=\"https:\/\/cordis.europa.eu\/project\/id\/101156370\">grant agreement No 101156370<\/a>.<br>Les points de vue et opinions exprim\u00e9s sont toutefois ceux de l\u2019auteur ou des auteurs uniquement et ne refl\u00e8tent pas n\u00e9cessairement ceux de l\u2019Union europ\u00e9enne ou de HORIZON-RIA. Ni l\u2019Union europ\u00e9enne ni l\u2019autorit\u00e9 de financement ne peuvent \u00eatre tenues responsables.<\/p>\n<\/div>\n<\/div>\n<\/div><\/div>","protected":false},"excerpt":{"rendered":"","protected":false},"author":2,"featured_media":0,"parent":0,"menu_order":0,"comment_status":"closed","ping_status":"closed","template":"","meta":{"_uag_custom_page_level_css":"","site-sidebar-layout":"default","site-content-layout":"","ast-site-content-layout":"full-width-container","site-content-style":"default","site-sidebar-style":"default","ast-global-header-display":"","ast-banner-title-visibility":"","ast-main-header-display":"","ast-hfb-above-header-display":"","ast-hfb-below-header-display":"","ast-hfb-mobile-header-display":"","site-post-title":"disabled","ast-breadcrumbs-content":"","ast-featured-img":"","footer-sml-layout":"","theme-transparent-header-meta":"enabled","adv-header-id-meta":"","stick-header-meta":"","header-above-stick-meta":"","header-main-stick-meta":"","header-below-stick-meta":"","astra-migrate-meta-layouts":"default","ast-page-background-enabled":"default","ast-page-background-meta":{"desktop":{"background-color":"var(--ast-global-color-4)","background-image":"","background-repeat":"repeat","background-position":"center center","background-size":"auto","background-attachment":"scroll","background-type":"","background-media":"","overlay-type":"","overlay-color":"","overlay-opacity":"","overlay-gradient":""},"tablet":{"background-color":"","background-image":"","background-repeat":"repeat","background-position":"center center","background-size":"auto","background-attachment":"scroll","background-type":"","background-media":"","overlay-type":"","overlay-color":"","overlay-opacity":"","overlay-gradient":""},"mobile":{"background-color":"","background-image":"","background-repeat":"repeat","background-position":"center center","background-size":"auto","background-attachment":"scroll","background-type":"","background-media":"","overlay-type":"","overlay-color":"","overlay-opacity":"","overlay-gradient":""}},"ast-content-background-meta":{"desktop":{"background-color":"var(--ast-global-color-5)","background-image":"","background-repeat":"repeat","background-position":"center center","background-size":"auto","background-attachment":"scroll","background-type":"","background-media":"","overlay-type":"","overlay-color":"","overlay-opacity":"","overlay-gradient":""},"tablet":{"background-color":"var(--ast-global-color-5)","background-image":"","background-repeat":"repeat","background-position":"center center","background-size":"auto","background-attachment":"scroll","background-type":"","background-media":"","overlay-type":"","overlay-color":"","overlay-opacity":"","overlay-gradient":""},"mobile":{"background-color":"var(--ast-global-color-5)","background-image":"","background-repeat":"repeat","background-position":"center center","background-size":"auto","background-attachment":"scroll","background-type":"","background-media":"","overlay-type":"","overlay-color":"","overlay-opacity":"","overlay-gradient":""}},"footnotes":""},"class_list":["post-20","page","type-page","status-publish","hentry"],"yoast_head":"<!-- This site is optimized with the Yoast SEO plugin v25.2 - https:\/\/yoast.com\/wordpress\/plugins\/seo\/ -->\n<title>Home - V\u03b1MPiRE<\/title>\n<meta name=\"description\" content=\"Parkinson&#039;s disease early detection\" \/>\n<meta name=\"robots\" content=\"index, follow, max-snippet:-1, max-image-preview:large, max-video-preview:-1\" \/>\n<link rel=\"canonical\" href=\"https:\/\/www.vampire-eu.com\/fr\/\" \/>\n<meta name=\"twitter:card\" content=\"summary_large_image\" \/>\n<meta name=\"twitter:title\" content=\"Home - V\u03b1MPiRE\" \/>\n<meta name=\"twitter:description\" content=\"Parkinson&#039;s disease early detection\" \/>\n<meta name=\"twitter:image\" content=\"http:\/\/www.vampire-eu.com\/wp-content\/uploads\/2025\/02\/Brain.jpg\" \/>\n<meta name=\"twitter:label1\" content=\"Dur\u00e9e de lecture estim\u00e9e\" \/>\n\t<meta name=\"twitter:data1\" content=\"5 minutes\" \/>\n<script type=\"application\/ld+json\" class=\"yoast-schema-graph\">{\"@context\":\"https:\/\/schema.org\",\"@graph\":[{\"@type\":\"WebPage\",\"@id\":\"https:\/\/www.vampire-eu.com\/\",\"url\":\"https:\/\/www.vampire-eu.com\/\",\"name\":\"Home - V\u03b1MPiRE\",\"isPartOf\":{\"@id\":\"https:\/\/www.vampire-eu.com\/#website\"},\"primaryImageOfPage\":{\"@id\":\"https:\/\/www.vampire-eu.com\/#primaryimage\"},\"image\":{\"@id\":\"https:\/\/www.vampire-eu.com\/#primaryimage\"},\"thumbnailUrl\":\"http:\/\/www.vampire-eu.com\/wp-content\/uploads\/2025\/02\/Brain.jpg\",\"datePublished\":\"2025-02-12T15:12:51+00:00\",\"dateModified\":\"2025-06-17T15:57:30+00:00\",\"description\":\"Parkinson's disease early detection\",\"breadcrumb\":{\"@id\":\"https:\/\/www.vampire-eu.com\/#breadcrumb\"},\"inLanguage\":\"fr-FR\",\"potentialAction\":[{\"@type\":\"ReadAction\",\"target\":[\"https:\/\/www.vampire-eu.com\/\"]}]},{\"@type\":\"ImageObject\",\"inLanguage\":\"fr-FR\",\"@id\":\"https:\/\/www.vampire-eu.com\/#primaryimage\",\"url\":\"http:\/\/www.vampire-eu.com\/wp-content\/uploads\/2025\/02\/Brain.jpg\",\"contentUrl\":\"http:\/\/www.vampire-eu.com\/wp-content\/uploads\/2025\/02\/Brain.jpg\"},{\"@type\":\"BreadcrumbList\",\"@id\":\"https:\/\/www.vampire-eu.com\/#breadcrumb\",\"itemListElement\":[{\"@type\":\"ListItem\",\"position\":1,\"name\":\"Home\",\"item\":\"https:\/\/www.vampire-eu.com\/\"},{\"@type\":\"ListItem\",\"position\":2,\"name\":\"Home\"}]},{\"@type\":\"WebSite\",\"@id\":\"https:\/\/www.vampire-eu.com\/#website\",\"url\":\"https:\/\/www.vampire-eu.com\/\",\"name\":\"V\u03b1MPiRE\",\"description\":\"\",\"publisher\":{\"@id\":\"https:\/\/www.vampire-eu.com\/#organization\"},\"potentialAction\":[{\"@type\":\"SearchAction\",\"target\":{\"@type\":\"EntryPoint\",\"urlTemplate\":\"https:\/\/www.vampire-eu.com\/?s={search_term_string}\"},\"query-input\":{\"@type\":\"PropertyValueSpecification\",\"valueRequired\":true,\"valueName\":\"search_term_string\"}}],\"inLanguage\":\"fr-FR\"},{\"@type\":\"Organization\",\"@id\":\"https:\/\/www.vampire-eu.com\/#organization\",\"name\":\"V\u03b1MPiRE\",\"url\":\"https:\/\/www.vampire-eu.com\/\",\"logo\":{\"@type\":\"ImageObject\",\"inLanguage\":\"fr-FR\",\"@id\":\"https:\/\/www.vampire-eu.com\/#\/schema\/logo\/image\/\",\"url\":\"https:\/\/www.vampire-eu.com\/wp-content\/uploads\/2025\/02\/cropped-cropped-V\u03b1MPiRE.png\",\"contentUrl\":\"https:\/\/www.vampire-eu.com\/wp-content\/uploads\/2025\/02\/cropped-cropped-V\u03b1MPiRE.png\",\"width\":512,\"height\":512,\"caption\":\"V\u03b1MPiRE\"},\"image\":{\"@id\":\"https:\/\/www.vampire-eu.com\/#\/schema\/logo\/image\/\"},\"sameAs\":[\"https:\/\/www.linkedin.com\/showcase\/biosomics\/about\"]}]}<\/script>\n<!-- \/ Yoast SEO plugin. -->","yoast_head_json":{"title":"Home - V\u03b1MPiRE","description":"Parkinson's disease early detection","robots":{"index":"index","follow":"follow","max-snippet":"max-snippet:-1","max-image-preview":"max-image-preview:large","max-video-preview":"max-video-preview:-1"},"canonical":"https:\/\/www.vampire-eu.com\/fr\/","twitter_card":"summary_large_image","twitter_title":"Home - V\u03b1MPiRE","twitter_description":"Parkinson's disease early detection","twitter_image":"http:\/\/www.vampire-eu.com\/wp-content\/uploads\/2025\/02\/Brain.jpg","twitter_misc":{"Dur\u00e9e de lecture estim\u00e9e":"5 minutes"},"schema":{"@context":"https:\/\/schema.org","@graph":[{"@type":"WebPage","@id":"https:\/\/www.vampire-eu.com\/","url":"https:\/\/www.vampire-eu.com\/","name":"Home - V\u03b1MPiRE","isPartOf":{"@id":"https:\/\/www.vampire-eu.com\/#website"},"primaryImageOfPage":{"@id":"https:\/\/www.vampire-eu.com\/#primaryimage"},"image":{"@id":"https:\/\/www.vampire-eu.com\/#primaryimage"},"thumbnailUrl":"http:\/\/www.vampire-eu.com\/wp-content\/uploads\/2025\/02\/Brain.jpg","datePublished":"2025-02-12T15:12:51+00:00","dateModified":"2025-06-17T15:57:30+00:00","description":"Parkinson's disease early detection","breadcrumb":{"@id":"https:\/\/www.vampire-eu.com\/#breadcrumb"},"inLanguage":"fr-FR","potentialAction":[{"@type":"ReadAction","target":["https:\/\/www.vampire-eu.com\/"]}]},{"@type":"ImageObject","inLanguage":"fr-FR","@id":"https:\/\/www.vampire-eu.com\/#primaryimage","url":"http:\/\/www.vampire-eu.com\/wp-content\/uploads\/2025\/02\/Brain.jpg","contentUrl":"http:\/\/www.vampire-eu.com\/wp-content\/uploads\/2025\/02\/Brain.jpg"},{"@type":"BreadcrumbList","@id":"https:\/\/www.vampire-eu.com\/#breadcrumb","itemListElement":[{"@type":"ListItem","position":1,"name":"Home","item":"https:\/\/www.vampire-eu.com\/"},{"@type":"ListItem","position":2,"name":"Home"}]},{"@type":"WebSite","@id":"https:\/\/www.vampire-eu.com\/#website","url":"https:\/\/www.vampire-eu.com\/","name":"V\u03b1MPiRE","description":"","publisher":{"@id":"https:\/\/www.vampire-eu.com\/#organization"},"potentialAction":[{"@type":"SearchAction","target":{"@type":"EntryPoint","urlTemplate":"https:\/\/www.vampire-eu.com\/?s={search_term_string}"},"query-input":{"@type":"PropertyValueSpecification","valueRequired":true,"valueName":"search_term_string"}}],"inLanguage":"fr-FR"},{"@type":"Organization","@id":"https:\/\/www.vampire-eu.com\/#organization","name":"V\u03b1MPiRE","url":"https:\/\/www.vampire-eu.com\/","logo":{"@type":"ImageObject","inLanguage":"fr-FR","@id":"https:\/\/www.vampire-eu.com\/#\/schema\/logo\/image\/","url":"https:\/\/www.vampire-eu.com\/wp-content\/uploads\/2025\/02\/cropped-cropped-V\u03b1MPiRE.png","contentUrl":"https:\/\/www.vampire-eu.com\/wp-content\/uploads\/2025\/02\/cropped-cropped-V\u03b1MPiRE.png","width":512,"height":512,"caption":"V\u03b1MPiRE"},"image":{"@id":"https:\/\/www.vampire-eu.com\/#\/schema\/logo\/image\/"},"sameAs":["https:\/\/www.linkedin.com\/showcase\/biosomics\/about"]}]}},"uagb_featured_image_src":{"full":false,"thumbnail":false,"medium":false,"medium_large":false,"large":false,"1536x1536":false,"2048x2048":false,"trp-custom-language-flag":false},"uagb_author_info":{"display_name":"Pedro Sanchez","author_link":"https:\/\/www.vampire-eu.com\/fr\/author\/slpedro\/"},"uagb_comment_info":0,"uagb_excerpt":null,"_links":{"self":[{"href":"https:\/\/www.vampire-eu.com\/fr\/wp-json\/wp\/v2\/pages\/20","targetHints":{"allow":["GET"]}}],"collection":[{"href":"https:\/\/www.vampire-eu.com\/fr\/wp-json\/wp\/v2\/pages"}],"about":[{"href":"https:\/\/www.vampire-eu.com\/fr\/wp-json\/wp\/v2\/types\/page"}],"author":[{"embeddable":true,"href":"https:\/\/www.vampire-eu.com\/fr\/wp-json\/wp\/v2\/users\/2"}],"replies":[{"embeddable":true,"href":"https:\/\/www.vampire-eu.com\/fr\/wp-json\/wp\/v2\/comments?post=20"}],"version-history":[{"count":146,"href":"https:\/\/www.vampire-eu.com\/fr\/wp-json\/wp\/v2\/pages\/20\/revisions"}],"predecessor-version":[{"id":5456,"href":"https:\/\/www.vampire-eu.com\/fr\/wp-json\/wp\/v2\/pages\/20\/revisions\/5456"}],"wp:attachment":[{"href":"https:\/\/www.vampire-eu.com\/fr\/wp-json\/wp\/v2\/media?parent=20"}],"curies":[{"name":"wp","href":"https:\/\/api.w.org\/{rel}","templated":true}]}}