{"id":20,"date":"2025-02-12T15:12:51","date_gmt":"2025-02-12T15:12:51","guid":{"rendered":"http:\/\/www.vampire-eu.com\/home\/"},"modified":"2025-06-17T15:57:30","modified_gmt":"2025-06-17T15:57:30","slug":"home-2","status":"publish","type":"page","link":"https:\/\/www.vampire-eu.com\/es\/","title":{"rendered":"Inicio"},"content":{"rendered":"<div class=\"wp-block-uagb-container uagb-block-cd08ac4c alignfull uagb-is-root-container\"><div class=\"uagb-container-inner-blocks-wrap\">\n<div class=\"wp-block-uagb-info-box uagb-block-1cbb6637 uagb-infobox__content-wrap  uagb-infobox-icon-above-title uagb-infobox-image-valign-top wp-block-uagb-info-box--has-margin\"><div class=\"uagb-infobox-margin-wrapper\"><div class=\"uagb-ifb-content\"><div class=\"uagb-ifb-title-wrap\"><h2 class=\"uagb-ifb-title\">V\u03b1MPiRE <br>Validaci\u00f3n de modificaciones de \u03b1-sinucleina en la evoluci\u00f3n de la Enfermedad de Parkinson<\/h2><\/div><\/div><\/div><\/div>\n<\/div><\/div>\n\n\n\n<div class=\"wp-block-uagb-container uagb-block-e6e6d851 alignfull uagb-is-root-container\"><div class=\"uagb-container-inner-blocks-wrap\">\n<div class=\"wp-block-uagb-info-box uagb-block-209471ca uagb-infobox__content-wrap  uagb-infobox-icon-above-title uagb-infobox-image-valign-top wp-block-uagb-info-box--has-margin\"><div class=\"uagb-infobox-margin-wrapper\"><div class=\"uagb-ifb-content\"><div class=\"uagb-ifb-title-wrap\"><h2 class=\"uagb-ifb-title\">V\u03b1MPiRE de un vistazo<\/h2><\/div><p class=\"uagb-ifb-desc\">La enfermedad de Parkinson (EP) es un trastorno neurodegenerativo progresivo que afecta a m\u00e1s de 9,4 millones de personas en todo el mundo, y que podr\u00eda superar los 12 millones de casos globales para 2040. A pesar de los avances, el diagn\u00f3stico y tratamiento temprano siguen siendo un desaf\u00edo debido a la falta de biomarcadores fiables. Las prote\u00ednas mal plegadas de \u03b1-sinucle\u00edna desempe\u00f1an un papel clave en la fisiopatolog\u00eda de la EP y han surgido como objetivos diagn\u00f3sticos prometedores. El proyecto V\u03b1MPiRE, financiado por la UE, estudiar\u00e1 las isoformas de \u03b1-sinucle\u00edna en ves\u00edculas extracelulares derivadas de neuronas, procedentes de una amplia cohorte de pacientes con EP y personas sin EP. Los hallazgos del proyecto contribuir\u00e1n al desarrollo de una nueva prueba de diagn\u00f3stico in vitro (IVD) para la detecci\u00f3n temprana y el seguimiento de la progresi\u00f3n de la EP. Esta innovaci\u00f3n podr\u00eda mejorar el cribado y la detecci\u00f3n precoz, optimizar el manejo de la enfermedad y los resultados cl\u00ednicos de los pacientes, y conducir al desarrollo de mejores tratamientos.<\/p><\/div><\/div><\/div>\n\n\n\n<div class=\"wp-block-uagb-info-box uagb-block-41724f1a uagb-infobox__content-wrap  uagb-infobox-icon-above-title uagb-infobox-image-valign-top wp-block-uagb-info-box--has-margin\"><div class=\"uagb-infobox-margin-wrapper\"><div class=\"uagb-ifb-content\"><div class=\"uagb-ifb-title-wrap\"><\/div><p class=\"uagb-ifb-desc\"><em><em><em><em><em>Una mejora en el cribado de la enfermedad de Parkinson permitir\u00e1 una detecci\u00f3n m\u00e1s temprana de 270.000 nuevos casos anuales y una mejor gesti\u00f3n de la enfermedad para los 9,4 millones de personas diagnosticadas actualmente. Esto evitar\u00e1 la p\u00e9rdida de 5,8 millones de a\u00f1os de vida ajustados por discapacidad (AVAD) para 2028 y facilitar\u00e1 el desarrollo de mejores tratamientos.<\/em><\/em><\/em><\/em><\/em><\/p><\/div><\/div><\/div>\n\n\n\n<div class=\"wp-block-group has-link-color wp-elements-829e3f9f838bf379cd98f2674f657312 is-layout-constrained wp-container-core-group-is-layout-8c49bb0c wp-block-group-is-layout-constrained has-background\" style=\"border-style:none;border-width:0px;border-radius:15px;margin-top:0;margin-bottom:0;padding-right:0;padding-left:0;background-image:url(&apos;https:\/\/www.vampire-eu.com\/wp-content\/uploads\/2025\/06\/Screenshot-2025-06-17-at-16.51.47.png&apos;);background-position:37% 38%;background-size:cover;background-attachment:scroll;\">\n<div class=\"wp-block-uagb-info-box uagb-block-31626290 uagb-infobox__content-wrap  uagb-infobox-icon-above-title uagb-infobox-image-valign-top wp-block-uagb-info-box--has-margin\"><div class=\"uagb-infobox-margin-wrapper\"><div class=\"uagb-ifb-content\"><div class=\"uagb-ifb-title-wrap\"><h3 class=\"uagb-ifb-title\"><strong><a href=\"https:\/\/www.vampire-eu.com\/es\/joinus\/\">\u00a1Estamos reclutando participantes para nuestro ensayo cl\u00ednico!<\/a><\/strong><\/h3><\/div><p class=\"uagb-ifb-desc\"><a href=\"https:\/\/www.vampire-eu.com\/es\/joinus\/\">Tanto si tienes la enfermedad de Parkinson como si no, puedes ayudarnos a avanzar en la detecci\u00f3n temprana de la enfermedad<\/a><\/p><\/div><\/div><\/div>\n<\/div>\n<\/div><\/div>\n\n\n\n<div class=\"wp-block-uagb-container uagb-block-c5406398 alignfull uagb-is-root-container\"><div class=\"uagb-container-inner-blocks-wrap\">\n<div class=\"wp-block-uagb-info-box uagb-block-e97fad00 uagb-infobox__content-wrap  uagb-infobox-icon-above-title uagb-infobox-image-valign-top\"><div class=\"uagb-ifb-content\"><div class=\"uagb-ifb-title-wrap\"><h2 class=\"uagb-ifb-title\">Un cambio de paradigma en la lucha contra la enfermedad de Parkinson<\/h2><\/div><\/div><\/div>\n\n\n\n<div class=\"wp-block-uagb-container uagb-block-9344282c\">\n<div class=\"wp-block-columns is-layout-flex wp-container-core-columns-is-layout-28f84493 wp-block-columns-is-layout-flex\">\n<div class=\"wp-block-column uag-hide-mob is-layout-flow wp-block-column-is-layout-flow\" style=\"flex-basis:300px\">\n<div class=\"wp-block-uagb-image alignleft uagb-block-e735600e wp-block-uagb-image--layout-default wp-block-uagb-image--effect-static wp-block-uagb-image--align-left\"><figure class=\"wp-block-uagb-image__figure\"><img decoding=\"async\" srcset=\"https:\/\/www.vampire-eu.com\/wp-content\/uploads\/2025\/02\/Brain.jpg ,https:\/\/www.vampire-eu.com\/wp-content\/uploads\/2025\/02\/Brain.jpg 780w, https:\/\/www.vampire-eu.com\/wp-content\/uploads\/2025\/02\/Brain.jpg 360w\" sizes=\"auto, (max-width: 480px) 150px\" src=\"https:\/\/www.vampire-eu.com\/wp-content\/uploads\/2025\/02\/Brain.jpg\" alt=\"\" class=\"uag-image-4719\" width=\"300\" height=\"223\" title=\"Brain\" loading=\"lazy\" role=\"img\"\/><\/figure><\/div>\n<\/div>\n\n\n\n<div class=\"wp-block-column is-layout-flow wp-block-column-is-layout-flow\">\n<div class=\"wp-block-uagb-info-box uagb-block-2f4a5e7b uagb-infobox__content-wrap  uagb-infobox-icon-above-title uagb-infobox-image-valign-top\"><div class=\"uagb-ifb-content\"><div class=\"uagb-ifb-title-wrap\"><\/div><p class=\"uagb-ifb-desc\">La enfermedad de Parkinson (EP) representa un desaf\u00edo para millones de personas en todo el mundo, con su car\u00e1cter progresivo dejando a pacientes y cuidadores en una lucha constante contra sus efectos debilitantes. A pesar de a\u00f1os de investigaci\u00f3n, la falta de herramientas de diagn\u00f3stico temprano y biomarcadores eficaces nos ha mantenido un paso atr\u00e1s en esta batalla. Ahora, V\u03b1MPiRE, nuestra iniciativa pionera, est\u00e1 preparada para cambiar esa historia.<br><br>Este proyecto visionario tiene como objetivo revolucionar la detecci\u00f3n temprana, el pron\u00f3stico y el tratamiento de la enfermedad de Parkinson mediante ciencia e innovaci\u00f3n de vanguardia.<\/p><\/div><\/div>\n<\/div>\n<\/div>\n<\/div>\n\n\n\n<div class=\"wp-block-uagb-container uagb-block-ac68d052\">\n<div class=\"wp-block-uagb-container uagb-block-5b822b2f\">\n<div class=\"wp-block-uagb-info-box uagb-block-6fba7136 uagb-infobox__content-wrap  uagb-infobox-icon-above-title uagb-infobox-image-valign-top wp-block-uagb-info-box--has-margin\"><div class=\"uagb-infobox-margin-wrapper\"><div class=\"uagb-ifb-content\"><div class=\"uagb-ifb-image-content\"><img decoding=\"async\" src=\"http:\/\/www.vampire-eu.com\/wp-content\/uploads\/2025\/02\/early-detection-150x150.png\" alt=\"\" width=\"\" height=\"0\" loading=\"lazy\"\/><\/div><div class=\"uagb-ifb-title-wrap\"><h3 class=\"uagb-ifb-title\"><strong>Una nueva era en la detecci\u00f3n temprana<\/strong><\/h3><\/div><p class=\"uagb-ifb-desc\">Aprovechando descubrimientos recientes, investigaremos las isoformas y biomarcadores de la \u03b1-sinucle\u00edna (\u03b1-Syn) en ves\u00edculas extracelulares derivadas de neuronas (NDEVs), utilizando muestras de sangre de 1.200 participantes. Nuestro enfoque est\u00e1 dise\u00f1ado para descubrir las se\u00f1ales m\u00e1s tempranas de la enfermedad de Parkinson.<\/p><\/div><\/div><\/div>\n\n\n\n<div class=\"wp-block-uagb-info-box uagb-block-744360f2 uagb-infobox__content-wrap  uagb-infobox-icon-above-title uagb-infobox-image-valign-top wp-block-uagb-info-box--has-margin\"><div class=\"uagb-infobox-margin-wrapper\"><div class=\"uagb-ifb-content\"><div class=\"uagb-ifb-image-content\"><img decoding=\"async\" src=\"http:\/\/www.vampire-eu.com\/wp-content\/uploads\/2025\/02\/AI-powered-150x150.png\" alt=\"\" width=\"\" height=\"0\" loading=\"lazy\"\/><\/div><div class=\"uagb-ifb-title-wrap\"><h3 class=\"uagb-ifb-title\"><strong>Informaci\u00f3n impulsada por AI<\/strong><\/h3><\/div><p class=\"uagb-ifb-desc\">Mediante el uso de algoritmos avanzados de Inteligencia Artificial (AI), traduciremos datos complejos de biomarcadores en herramientas diagn\u00f3sticas pr\u00e1cticas, garantizando precisi\u00f3n y fiabilidad en entornos cl\u00ednicos reales.<\/p><\/div><\/div><\/div>\n\n\n\n<div class=\"wp-block-uagb-info-box uagb-block-c747b819 uagb-infobox__content-wrap  uagb-infobox-icon-above-title uagb-infobox-image-valign-top wp-block-uagb-info-box--has-margin\"><div class=\"uagb-infobox-margin-wrapper\"><div class=\"uagb-ifb-content\"><div class=\"uagb-ifb-image-content\"><img decoding=\"async\" src=\"http:\/\/www.vampire-eu.com\/wp-content\/uploads\/2025\/02\/collaboration-150x150.png\" alt=\"\" width=\"\" height=\"0\" loading=\"lazy\"\/><\/div><div class=\"uagb-ifb-title-wrap\"><h3 class=\"uagb-ifb-title\"><strong>Un esfuerzo colaborativo<\/strong><\/h3><\/div><p class=\"uagb-ifb-desc\">Trabajando junto a laboratorios l\u00edderes y fabricantes de diagn\u00f3sticos in vitro, nuestro objetivo es crear y validar una prueba innovadora de diagn\u00f3stico in vitro. Este prototipo identificar\u00e1 la enfermedad de Parkinson en sus etapas m\u00e1s tempranas, estimar\u00e1 la progresi\u00f3n de la enfermedad y monitorizar\u00e1 la respuesta al tratamiento.<\/p><\/div><\/div><\/div>\n<\/div>\n<\/div>\n<\/div><\/div>\n\n\n\n<div class=\"wp-block-uagb-container uagb-block-76d6e945 alignfull uagb-is-root-container\"><div class=\"uagb-container-inner-blocks-wrap\">\n<div class=\"wp-block-uagb-container uagb-block-6b716a05\">\n<div class=\"wp-block-uagb-info-box uagb-block-d783a438 uagb-infobox__content-wrap  uagb-infobox-icon-above-title uagb-infobox-image-valign-top\"><div class=\"uagb-ifb-content\"><div class=\"uagb-ifb-title-wrap\"><h2 class=\"uagb-ifb-title\">\u00danete a nosotros en este viaje transformador<\/h2><\/div><p class=\"uagb-ifb-desc\">V\u03b1MPiRE representa m\u00e1s que un proyecto; es un movimiento hacia la redefinici\u00f3n de c\u00f3mo combatimos la enfermedad de Parkinson. Construyamos juntos el futuro, abriendo camino para intervenciones m\u00e1s tempranas, mejores tratamientos y esperanza para millones.<\/p><\/div><\/div>\n<\/div>\n\n\n\n<div class=\"wp-block-uagb-container uagb-block-0d176bbf\">\n<div class=\"wp-block-uagb-container uagb-block-296eb1e8\">\n<div class=\"wp-block-uagb-info-box uagb-block-e443b568 uagb-infobox__content-wrap  uagb-infobox-icon-above-title uagb-infobox-image-valign-top wp-block-uagb-info-box--has-margin\"><div class=\"uagb-infobox-margin-wrapper\"><div class=\"uagb-ifb-content\"><div class=\"uagb-ifb-image-content\"><img decoding=\"async\" src=\"http:\/\/www.vampire-eu.com\/wp-content\/uploads\/2025\/02\/revolutionizing-detection-150x150.png\" alt=\"\" width=\"\" height=\"0\" loading=\"lazy\"\/><\/div><div class=\"uagb-ifb-title-wrap\"><h3 class=\"uagb-ifb-title\"><strong>Revolucionando la detecci\u00f3n temprana y el pron\u00f3stico de la enfermedad de Parkinson<\/strong><\/h3><\/div><p class=\"uagb-ifb-desc\">A trav\u00e9s de rigurosos estudios longitudinales, seguimientos mensuales y m\u00e9todos de validaci\u00f3n de vanguardia, V\u03b1MPiRE garantizar\u00e1 que la prueba desarrollada no solo detecte el p\u00e1rkinson de forma temprana, sino que tambi\u00e9n ayude a predecir su progresi\u00f3n y los resultados del tratamiento con una precisi\u00f3n sin igual.<br>El estudio longitudinal incluye un seguimiento de 24 meses tanto de participantes con enfermedad de Parkinson como sin ella, reclutados siguiendo una metodolog\u00eda de casos y controles ajustada por conglomerados.<br>Durante este per\u00edodo, ambas cohortes ser\u00e1n seguidas mediante encuestas mensuales de progreso. Esto permitir\u00e1 validar no solo la potencia estad\u00edstica para la detecci\u00f3n de la enfermedad de Parkinson, sino tambi\u00e9n la progresi\u00f3n y la respuesta al tratamiento.<br>Adem\u00e1s, se espera que aproximadamente el 5 % de aquellos inicialmente reclutados como sujetos sin enfermedad de Parkinson desarrollen la enfermedad. Esto permitir\u00e1 establecer la capacidad de detecci\u00f3n en etapas muy tempranas.<\/p><\/div><\/div><\/div>\n\n\n\n<div class=\"wp-block-uagb-info-box uagb-block-47c2595f uagb-infobox__content-wrap  uagb-infobox-icon-above-title uagb-infobox-image-valign-top wp-block-uagb-info-box--has-margin\"><div class=\"uagb-infobox-margin-wrapper\"><div class=\"uagb-ifb-content\"><div class=\"uagb-ifb-image-content\"><img decoding=\"async\" src=\"http:\/\/www.vampire-eu.com\/wp-content\/uploads\/2025\/02\/transforming_parkinson-150x150.png\" alt=\"\" width=\"\" height=\"0\" loading=\"lazy\"\/><\/div><div class=\"uagb-ifb-title-wrap\"><h3 class=\"uagb-ifb-title\"><strong>Transformando el diagn\u00f3stico del p\u00e1rkinson: accesible, asequible e con impacto<\/strong><\/h3><\/div><p class=\"uagb-ifb-desc\">Visualizamos un futuro donde el diagn\u00f3stico temprano de la enfermedad de Parkinson sea accesible, asequible y transformador. Nuestro consorcio est\u00e1 comprometido a convertir estos avances en soluciones comercializadas que beneficien a pacientes y sistemas de salud en todo el mundo.<\/p><\/div><\/div><\/div>\n<\/div>\n<\/div>\n<\/div><\/div>\n\n\n\n<div class=\"wp-block-uagb-container uagb-layout-flex uagb-block-0d6e6fa5 alignfull uagb-is-root-container\"><div class=\"uagb-container-inner-blocks-wrap\">\n<div class=\"wp-block-uagb-container uagb-layout-flex uagb-block-02d1f134\">\n<div class=\"wp-block-uagb-container uagb-block-908880cf\">\n<div class=\"wp-block-uagb-image aligncenter uagb-block-c8280f42 wp-block-uagb-image--layout-default wp-block-uagb-image--effect-static wp-block-uagb-image--align-center\"><figure class=\"wp-block-uagb-image__figure\"><img decoding=\"async\" srcset=\"https:\/\/www.vampire-eu.com\/wp-content\/uploads\/2025\/02\/funded-cofunded-1-300x65.png ,https:\/\/www.vampire-eu.com\/wp-content\/uploads\/2025\/02\/funded-cofunded-1.png 780w, http:\/\/www.vampire-eu.com\/wp-content\/uploads\/2025\/02\/funded-cofunded-1-300x65.png 360w\" sizes=\"auto, (max-width: 480px) 150px\" src=\"https:\/\/www.vampire-eu.com\/wp-content\/uploads\/2025\/02\/funded-cofunded-1-300x65.png\" alt=\"\" class=\"uag-image-4498\" width=\"400\" height=\"100\" title=\"European Union\" loading=\"lazy\" role=\"img\"\/><\/figure><\/div>\n<\/div>\n\n\n\n<div class=\"wp-block-uagb-container uagb-block-e5d1e2a0\">\n<p class=\"has-ast-global-color-6-color has-text-color has-link-color wp-elements-b803d6e561141eda2820758b3af0741d\" style=\"padding-top:10px;padding-right:10px;padding-bottom:0px;padding-left:10px\">Este proyecto ha recibido financiaci\u00f3n del programa HORIZON-HLTH-2024-DISEASE-03-two-stage de la Uni\u00f3n Europea. <a href=\"https:\/\/cordis.europa.eu\/project\/id\/101156370\">grant agreement No 101156370<\/a>.<br>Las opiniones y puntos de vista expresados son \u00fanicamente los de los autores y no reflejan necesariamente los de la Uni\u00f3n Europea ni los del programa HORIZON-RIA. Ni la Uni\u00f3n Europea ni la autoridad otorgante pueden ser considerados responsables de los mismos.<\/p>\n<\/div>\n<\/div>\n<\/div><\/div>","protected":false},"excerpt":{"rendered":"","protected":false},"author":2,"featured_media":0,"parent":0,"menu_order":0,"comment_status":"closed","ping_status":"closed","template":"","meta":{"_uag_custom_page_level_css":"","site-sidebar-layout":"default","site-content-layout":"","ast-site-content-layout":"full-width-container","site-content-style":"default","site-sidebar-style":"default","ast-global-header-display":"","ast-banner-title-visibility":"","ast-main-header-display":"","ast-hfb-above-header-display":"","ast-hfb-below-header-display":"","ast-hfb-mobile-header-display":"","site-post-title":"disabled","ast-breadcrumbs-content":"","ast-featured-img":"","footer-sml-layout":"","theme-transparent-header-meta":"enabled","adv-header-id-meta":"","stick-header-meta":"","header-above-stick-meta":"","header-main-stick-meta":"","header-below-stick-meta":"","astra-migrate-meta-layouts":"default","ast-page-background-enabled":"default","ast-page-background-meta":{"desktop":{"background-color":"var(--ast-global-color-4)","background-image":"","background-repeat":"repeat","background-position":"center center","background-size":"auto","background-attachment":"scroll","background-type":"","background-media":"","overlay-type":"","overlay-color":"","overlay-opacity":"","overlay-gradient":""},"tablet":{"background-color":"","background-image":"","background-repeat":"repeat","background-position":"center center","background-size":"auto","background-attachment":"scroll","background-type":"","background-media":"","overlay-type":"","overlay-color":"","overlay-opacity":"","overlay-gradient":""},"mobile":{"background-color":"","background-image":"","background-repeat":"repeat","background-position":"center center","background-size":"auto","background-attachment":"scroll","background-type":"","background-media":"","overlay-type":"","overlay-color":"","overlay-opacity":"","overlay-gradient":""}},"ast-content-background-meta":{"desktop":{"background-color":"var(--ast-global-color-5)","background-image":"","background-repeat":"repeat","background-position":"center center","background-size":"auto","background-attachment":"scroll","background-type":"","background-media":"","overlay-type":"","overlay-color":"","overlay-opacity":"","overlay-gradient":""},"tablet":{"background-color":"var(--ast-global-color-5)","background-image":"","background-repeat":"repeat","background-position":"center center","background-size":"auto","background-attachment":"scroll","background-type":"","background-media":"","overlay-type":"","overlay-color":"","overlay-opacity":"","overlay-gradient":""},"mobile":{"background-color":"var(--ast-global-color-5)","background-image":"","background-repeat":"repeat","background-position":"center center","background-size":"auto","background-attachment":"scroll","background-type":"","background-media":"","overlay-type":"","overlay-color":"","overlay-opacity":"","overlay-gradient":""}},"footnotes":""},"class_list":["post-20","page","type-page","status-publish","hentry"],"yoast_head":"<!-- This site is optimized with the Yoast SEO plugin v25.2 - https:\/\/yoast.com\/wordpress\/plugins\/seo\/ -->\n<title>Home - V\u03b1MPiRE<\/title>\n<meta name=\"description\" content=\"Parkinson&#039;s disease early detection\" \/>\n<meta name=\"robots\" content=\"index, follow, max-snippet:-1, max-image-preview:large, max-video-preview:-1\" \/>\n<link rel=\"canonical\" href=\"https:\/\/www.vampire-eu.com\/es\/\" \/>\n<meta name=\"twitter:card\" content=\"summary_large_image\" \/>\n<meta name=\"twitter:title\" content=\"Home - V\u03b1MPiRE\" \/>\n<meta name=\"twitter:description\" content=\"Parkinson&#039;s disease early detection\" \/>\n<meta name=\"twitter:image\" content=\"http:\/\/www.vampire-eu.com\/wp-content\/uploads\/2025\/02\/Brain.jpg\" \/>\n<meta name=\"twitter:label1\" content=\"Tiempo de lectura\" \/>\n\t<meta name=\"twitter:data1\" content=\"5 minutos\" \/>\n<script type=\"application\/ld+json\" class=\"yoast-schema-graph\">{\"@context\":\"https:\/\/schema.org\",\"@graph\":[{\"@type\":\"WebPage\",\"@id\":\"https:\/\/www.vampire-eu.com\/\",\"url\":\"https:\/\/www.vampire-eu.com\/\",\"name\":\"Home - V\u03b1MPiRE\",\"isPartOf\":{\"@id\":\"https:\/\/www.vampire-eu.com\/#website\"},\"primaryImageOfPage\":{\"@id\":\"https:\/\/www.vampire-eu.com\/#primaryimage\"},\"image\":{\"@id\":\"https:\/\/www.vampire-eu.com\/#primaryimage\"},\"thumbnailUrl\":\"http:\/\/www.vampire-eu.com\/wp-content\/uploads\/2025\/02\/Brain.jpg\",\"datePublished\":\"2025-02-12T15:12:51+00:00\",\"dateModified\":\"2025-06-17T15:57:30+00:00\",\"description\":\"Parkinson's disease early detection\",\"breadcrumb\":{\"@id\":\"https:\/\/www.vampire-eu.com\/#breadcrumb\"},\"inLanguage\":\"es\",\"potentialAction\":[{\"@type\":\"ReadAction\",\"target\":[\"https:\/\/www.vampire-eu.com\/\"]}]},{\"@type\":\"ImageObject\",\"inLanguage\":\"es\",\"@id\":\"https:\/\/www.vampire-eu.com\/#primaryimage\",\"url\":\"http:\/\/www.vampire-eu.com\/wp-content\/uploads\/2025\/02\/Brain.jpg\",\"contentUrl\":\"http:\/\/www.vampire-eu.com\/wp-content\/uploads\/2025\/02\/Brain.jpg\"},{\"@type\":\"BreadcrumbList\",\"@id\":\"https:\/\/www.vampire-eu.com\/#breadcrumb\",\"itemListElement\":[{\"@type\":\"ListItem\",\"position\":1,\"name\":\"Home\",\"item\":\"https:\/\/www.vampire-eu.com\/\"},{\"@type\":\"ListItem\",\"position\":2,\"name\":\"Home\"}]},{\"@type\":\"WebSite\",\"@id\":\"https:\/\/www.vampire-eu.com\/#website\",\"url\":\"https:\/\/www.vampire-eu.com\/\",\"name\":\"V\u03b1MPiRE\",\"description\":\"\",\"publisher\":{\"@id\":\"https:\/\/www.vampire-eu.com\/#organization\"},\"potentialAction\":[{\"@type\":\"SearchAction\",\"target\":{\"@type\":\"EntryPoint\",\"urlTemplate\":\"https:\/\/www.vampire-eu.com\/?s={search_term_string}\"},\"query-input\":{\"@type\":\"PropertyValueSpecification\",\"valueRequired\":true,\"valueName\":\"search_term_string\"}}],\"inLanguage\":\"es\"},{\"@type\":\"Organization\",\"@id\":\"https:\/\/www.vampire-eu.com\/#organization\",\"name\":\"V\u03b1MPiRE\",\"url\":\"https:\/\/www.vampire-eu.com\/\",\"logo\":{\"@type\":\"ImageObject\",\"inLanguage\":\"es\",\"@id\":\"https:\/\/www.vampire-eu.com\/#\/schema\/logo\/image\/\",\"url\":\"https:\/\/www.vampire-eu.com\/wp-content\/uploads\/2025\/02\/cropped-cropped-V\u03b1MPiRE.png\",\"contentUrl\":\"https:\/\/www.vampire-eu.com\/wp-content\/uploads\/2025\/02\/cropped-cropped-V\u03b1MPiRE.png\",\"width\":512,\"height\":512,\"caption\":\"V\u03b1MPiRE\"},\"image\":{\"@id\":\"https:\/\/www.vampire-eu.com\/#\/schema\/logo\/image\/\"},\"sameAs\":[\"https:\/\/www.linkedin.com\/showcase\/biosomics\/about\"]}]}<\/script>\n<!-- \/ Yoast SEO plugin. -->","yoast_head_json":{"title":"Home - V\u03b1MPiRE","description":"Parkinson's disease early detection","robots":{"index":"index","follow":"follow","max-snippet":"max-snippet:-1","max-image-preview":"max-image-preview:large","max-video-preview":"max-video-preview:-1"},"canonical":"https:\/\/www.vampire-eu.com\/es\/","twitter_card":"summary_large_image","twitter_title":"Home - V\u03b1MPiRE","twitter_description":"Parkinson's disease early detection","twitter_image":"http:\/\/www.vampire-eu.com\/wp-content\/uploads\/2025\/02\/Brain.jpg","twitter_misc":{"Tiempo de lectura":"5 minutos"},"schema":{"@context":"https:\/\/schema.org","@graph":[{"@type":"WebPage","@id":"https:\/\/www.vampire-eu.com\/","url":"https:\/\/www.vampire-eu.com\/","name":"Home - V\u03b1MPiRE","isPartOf":{"@id":"https:\/\/www.vampire-eu.com\/#website"},"primaryImageOfPage":{"@id":"https:\/\/www.vampire-eu.com\/#primaryimage"},"image":{"@id":"https:\/\/www.vampire-eu.com\/#primaryimage"},"thumbnailUrl":"http:\/\/www.vampire-eu.com\/wp-content\/uploads\/2025\/02\/Brain.jpg","datePublished":"2025-02-12T15:12:51+00:00","dateModified":"2025-06-17T15:57:30+00:00","description":"Parkinson's disease early detection","breadcrumb":{"@id":"https:\/\/www.vampire-eu.com\/#breadcrumb"},"inLanguage":"es","potentialAction":[{"@type":"ReadAction","target":["https:\/\/www.vampire-eu.com\/"]}]},{"@type":"ImageObject","inLanguage":"es","@id":"https:\/\/www.vampire-eu.com\/#primaryimage","url":"http:\/\/www.vampire-eu.com\/wp-content\/uploads\/2025\/02\/Brain.jpg","contentUrl":"http:\/\/www.vampire-eu.com\/wp-content\/uploads\/2025\/02\/Brain.jpg"},{"@type":"BreadcrumbList","@id":"https:\/\/www.vampire-eu.com\/#breadcrumb","itemListElement":[{"@type":"ListItem","position":1,"name":"Home","item":"https:\/\/www.vampire-eu.com\/"},{"@type":"ListItem","position":2,"name":"Home"}]},{"@type":"WebSite","@id":"https:\/\/www.vampire-eu.com\/#website","url":"https:\/\/www.vampire-eu.com\/","name":"V\u03b1MPiRE","description":"","publisher":{"@id":"https:\/\/www.vampire-eu.com\/#organization"},"potentialAction":[{"@type":"SearchAction","target":{"@type":"EntryPoint","urlTemplate":"https:\/\/www.vampire-eu.com\/?s={search_term_string}"},"query-input":{"@type":"PropertyValueSpecification","valueRequired":true,"valueName":"search_term_string"}}],"inLanguage":"es"},{"@type":"Organization","@id":"https:\/\/www.vampire-eu.com\/#organization","name":"V\u03b1MPiRE","url":"https:\/\/www.vampire-eu.com\/","logo":{"@type":"ImageObject","inLanguage":"es","@id":"https:\/\/www.vampire-eu.com\/#\/schema\/logo\/image\/","url":"https:\/\/www.vampire-eu.com\/wp-content\/uploads\/2025\/02\/cropped-cropped-V\u03b1MPiRE.png","contentUrl":"https:\/\/www.vampire-eu.com\/wp-content\/uploads\/2025\/02\/cropped-cropped-V\u03b1MPiRE.png","width":512,"height":512,"caption":"V\u03b1MPiRE"},"image":{"@id":"https:\/\/www.vampire-eu.com\/#\/schema\/logo\/image\/"},"sameAs":["https:\/\/www.linkedin.com\/showcase\/biosomics\/about"]}]}},"uagb_featured_image_src":{"full":false,"thumbnail":false,"medium":false,"medium_large":false,"large":false,"1536x1536":false,"2048x2048":false,"trp-custom-language-flag":false},"uagb_author_info":{"display_name":"Pedro Sanchez","author_link":"https:\/\/www.vampire-eu.com\/es\/author\/slpedro\/"},"uagb_comment_info":0,"uagb_excerpt":null,"_links":{"self":[{"href":"https:\/\/www.vampire-eu.com\/es\/wp-json\/wp\/v2\/pages\/20","targetHints":{"allow":["GET"]}}],"collection":[{"href":"https:\/\/www.vampire-eu.com\/es\/wp-json\/wp\/v2\/pages"}],"about":[{"href":"https:\/\/www.vampire-eu.com\/es\/wp-json\/wp\/v2\/types\/page"}],"author":[{"embeddable":true,"href":"https:\/\/www.vampire-eu.com\/es\/wp-json\/wp\/v2\/users\/2"}],"replies":[{"embeddable":true,"href":"https:\/\/www.vampire-eu.com\/es\/wp-json\/wp\/v2\/comments?post=20"}],"version-history":[{"count":146,"href":"https:\/\/www.vampire-eu.com\/es\/wp-json\/wp\/v2\/pages\/20\/revisions"}],"predecessor-version":[{"id":5456,"href":"https:\/\/www.vampire-eu.com\/es\/wp-json\/wp\/v2\/pages\/20\/revisions\/5456"}],"wp:attachment":[{"href":"https:\/\/www.vampire-eu.com\/es\/wp-json\/wp\/v2\/media?parent=20"}],"curies":[{"name":"wp","href":"https:\/\/api.w.org\/{rel}","templated":true}]}}