{"id":20,"date":"2025-02-12T15:12:51","date_gmt":"2025-02-12T15:12:51","guid":{"rendered":"http:\/\/www.vampire-eu.com\/home\/"},"modified":"2025-06-17T15:57:30","modified_gmt":"2025-06-17T15:57:30","slug":"home-2","status":"publish","type":"page","link":"https:\/\/www.vampire-eu.com\/de\/","title":{"rendered":"Startseite"},"content":{"rendered":"<div class=\"wp-block-uagb-container uagb-block-cd08ac4c alignfull uagb-is-root-container\"><div class=\"uagb-container-inner-blocks-wrap\">\n<div class=\"wp-block-uagb-info-box uagb-block-1cbb6637 uagb-infobox__content-wrap  uagb-infobox-icon-above-title uagb-infobox-image-valign-top wp-block-uagb-info-box--has-margin\"><div class=\"uagb-infobox-margin-wrapper\"><div class=\"uagb-ifb-content\"><div class=\"uagb-ifb-title-wrap\"><h2 class=\"uagb-ifb-title\">V\u03b1MPiRE <br>Validierung von \u03b1-Synuklein-Modifikationen im Verlauf der Parkinson-Krankheit<\/h2><\/div><\/div><\/div><\/div>\n<\/div><\/div>\n\n\n\n<div class=\"wp-block-uagb-container uagb-block-e6e6d851 alignfull uagb-is-root-container\"><div class=\"uagb-container-inner-blocks-wrap\">\n<div class=\"wp-block-uagb-info-box uagb-block-209471ca uagb-infobox__content-wrap  uagb-infobox-icon-above-title uagb-infobox-image-valign-top wp-block-uagb-info-box--has-margin\"><div class=\"uagb-infobox-margin-wrapper\"><div class=\"uagb-ifb-content\"><div class=\"uagb-ifb-title-wrap\"><h2 class=\"uagb-ifb-title\">V\u03b1MPiRE auf einen Blick<\/h2><\/div><p class=\"uagb-ifb-desc\">Die Parkinson-Krankheit (PK) ist eine fortschreitende neurodegenerative Erkrankung, von der weltweit \u00fcber 9,4 Millionen Menschen betroffen sind \u2013 mit einer m\u00f6glichen Zunahme auf \u00fcber 12 Millionen F\u00e4lle bis 2040. Trotz medizinischer Fortschritte bleiben eine fr\u00fchzeitige Diagnose und Behandlung aufgrund fehlender zuverl\u00e4ssiger Biomarker eine Herausforderung. Fehlgefaltete \u03b1-Synuklein-Proteine spielen eine Schl\u00fcsselrolle in der Pathophysiologie der PK und gelten als vielversprechende diagnostische Zielstrukturen. Das von der EU gef\u00f6rderte Projekt V\u03b1MPiRE untersucht \u03b1-Synuklein-Isoformen in von Neuronen abgeleiteten extrazellul\u00e4ren Vesikeln aus einer gro\u00dfen Kohorte von PK-Patienten und Nicht-PK-Kontrollpersonen. Die Projektergebnisse sollen zur Entwicklung eines neuartigen In-vitro-Diagnosetests (IVD) f\u00fcr die Fr\u00fchdiagnose und Verlaufskontrolle der PK beitragen. Diese Innovation k\u00f6nnte die Fr\u00fcherkennung und das Screening verbessern, das Krankheitsmanagement optimieren und zu besseren Behandlungsm\u00f6glichkeiten f\u00fchren.<\/p><\/div><\/div><\/div>\n\n\n\n<div class=\"wp-block-uagb-info-box uagb-block-41724f1a uagb-infobox__content-wrap  uagb-infobox-icon-above-title uagb-infobox-image-valign-top wp-block-uagb-info-box--has-margin\"><div class=\"uagb-infobox-margin-wrapper\"><div class=\"uagb-ifb-content\"><div class=\"uagb-ifb-title-wrap\"><\/div><p class=\"uagb-ifb-desc\"><em><em><em><em><em>Eine verbesserte Fr\u00fcherkennung der Parkinson-Krankheit wird eine fr\u00fchzeitigere Diagnose f\u00fcr 270.000 neue F\u00e4lle pro Jahr erm\u00f6glichen und das Krankheitsmanagement f\u00fcr die derzeit 9,4 Millionen diagnostizierten Personen verbessern. Dadurch k\u00f6nnen bis 2028 rund 5,8 Millionen durch Behinderung verlorene Lebensjahre (DALYs) vermieden und die Entwicklung besserer Therapien erleichtert werden.<\/em><\/em><\/em><\/em><\/em><\/p><\/div><\/div><\/div>\n\n\n\n<div class=\"wp-block-group has-link-color wp-elements-829e3f9f838bf379cd98f2674f657312 is-layout-constrained wp-container-core-group-is-layout-8c49bb0c wp-block-group-is-layout-constrained has-background\" style=\"border-style:none;border-width:0px;border-radius:15px;margin-top:0;margin-bottom:0;padding-right:0;padding-left:0;background-image:url(&apos;https:\/\/www.vampire-eu.com\/wp-content\/uploads\/2025\/06\/Screenshot-2025-06-17-at-16.51.47.png&apos;);background-position:37% 38%;background-size:cover;background-attachment:scroll;\">\n<div class=\"wp-block-uagb-info-box uagb-block-31626290 uagb-infobox__content-wrap  uagb-infobox-icon-above-title uagb-infobox-image-valign-top wp-block-uagb-info-box--has-margin\"><div class=\"uagb-infobox-margin-wrapper\"><div class=\"uagb-ifb-content\"><div class=\"uagb-ifb-title-wrap\"><h3 class=\"uagb-ifb-title\"><strong><a href=\"https:\/\/www.vampire-eu.com\/de\/joinus\/\">Wir rekrutieren Teilnehmer f\u00fcr unsere klinische Studie!<\/a><\/strong><\/h3><\/div><p class=\"uagb-ifb-desc\"><a href=\"https:\/\/www.vampire-eu.com\/de\/joinus\/\">Egal, ob Sie an Parkinson erkrankt sind oder nicht \u2013 Sie k\u00f6nnen uns helfen, die Fr\u00fcherkennung von Parkinson zu verbessern<\/a><\/p><\/div><\/div><\/div>\n<\/div>\n<\/div><\/div>\n\n\n\n<div class=\"wp-block-uagb-container uagb-block-c5406398 alignfull uagb-is-root-container\"><div class=\"uagb-container-inner-blocks-wrap\">\n<div class=\"wp-block-uagb-info-box uagb-block-e97fad00 uagb-infobox__content-wrap  uagb-infobox-icon-above-title uagb-infobox-image-valign-top\"><div class=\"uagb-ifb-content\"><div class=\"uagb-ifb-title-wrap\"><h2 class=\"uagb-ifb-title\">Ein Wendepunkt im Kampf gegen die Parkinson-Krankheit<\/h2><\/div><\/div><\/div>\n\n\n\n<div class=\"wp-block-uagb-container uagb-block-9344282c\">\n<div class=\"wp-block-columns is-layout-flex wp-container-core-columns-is-layout-28f84493 wp-block-columns-is-layout-flex\">\n<div class=\"wp-block-column uag-hide-mob is-layout-flow wp-block-column-is-layout-flow\" style=\"flex-basis:300px\">\n<div class=\"wp-block-uagb-image alignleft uagb-block-e735600e wp-block-uagb-image--layout-default wp-block-uagb-image--effect-static wp-block-uagb-image--align-left\"><figure class=\"wp-block-uagb-image__figure\"><img decoding=\"async\" srcset=\"https:\/\/www.vampire-eu.com\/wp-content\/uploads\/2025\/02\/Brain.jpg ,https:\/\/www.vampire-eu.com\/wp-content\/uploads\/2025\/02\/Brain.jpg 780w, https:\/\/www.vampire-eu.com\/wp-content\/uploads\/2025\/02\/Brain.jpg 360w\" sizes=\"auto, (max-width: 480px) 150px\" src=\"https:\/\/www.vampire-eu.com\/wp-content\/uploads\/2025\/02\/Brain.jpg\" alt=\"\" class=\"uag-image-4719\" width=\"300\" height=\"223\" title=\"Brain\" loading=\"lazy\" role=\"img\"\/><\/figure><\/div>\n<\/div>\n\n\n\n<div class=\"wp-block-column is-layout-flow wp-block-column-is-layout-flow\">\n<div class=\"wp-block-uagb-info-box uagb-block-2f4a5e7b uagb-infobox__content-wrap  uagb-infobox-icon-above-title uagb-infobox-image-valign-top\"><div class=\"uagb-ifb-content\"><div class=\"uagb-ifb-title-wrap\"><\/div><p class=\"uagb-ifb-desc\">Die Parkinson-Krankheit (PK) stellt weltweit Millionen von Menschen vor gro\u00dfe Herausforderungen \u2013 ihr fortschreitender Verlauf zwingt Patienten und Pflegepersonen in einen st\u00e4ndigen Kampf gegen die belastenden Auswirkungen. Trotz jahrzehntelanger Forschung fehlt es weiterhin an wirksamen Biomarkern und Werkzeugen zur Fr\u00fchdiagnose, was uns in diesem Kampf immer einen Schritt zur\u00fcckh\u00e4lt. Jetzt steht V\u03b1MPiRE, unsere bahnbrechende Initiative, bereit, diese Situation grundlegend zu ver\u00e4ndern.<br><br>Dieses vision\u00e4re Projekt hat zum Ziel, die Fr\u00fcherkennung, Prognose und das Management der Parkinson-Krankheit durch Spitzenforschung und Innovation grundlegend zu ver\u00e4ndern.<\/p><\/div><\/div>\n<\/div>\n<\/div>\n<\/div>\n\n\n\n<div class=\"wp-block-uagb-container uagb-block-ac68d052\">\n<div class=\"wp-block-uagb-container uagb-block-5b822b2f\">\n<div class=\"wp-block-uagb-info-box uagb-block-6fba7136 uagb-infobox__content-wrap  uagb-infobox-icon-above-title uagb-infobox-image-valign-top wp-block-uagb-info-box--has-margin\"><div class=\"uagb-infobox-margin-wrapper\"><div class=\"uagb-ifb-content\"><div class=\"uagb-ifb-image-content\"><img decoding=\"async\" src=\"http:\/\/www.vampire-eu.com\/wp-content\/uploads\/2025\/02\/early-detection-150x150.png\" alt=\"\" width=\"\" height=\"0\" loading=\"lazy\"\/><\/div><div class=\"uagb-ifb-title-wrap\"><h3 class=\"uagb-ifb-title\"><strong>Fr\u00fcherkennung neu definiert<\/strong><\/h3><\/div><p class=\"uagb-ifb-desc\">Auf Grundlage aktueller Entdeckungen werden wir \u03b1-Synuklein-(\u03b1-Syn)-Isoformen und Biomarker in von Neuronen abgeleiteten extrazellul\u00e4ren Vesikeln (NDEVs) untersuchen \u2013 anhand von Blutproben von 1.200 Teilnehmenden. Unser Ansatz zielt darauf ab, die fr\u00fchesten Anzeichen der Parkinson-Krankheit aufzudecken.<\/p><\/div><\/div><\/div>\n\n\n\n<div class=\"wp-block-uagb-info-box uagb-block-744360f2 uagb-infobox__content-wrap  uagb-infobox-icon-above-title uagb-infobox-image-valign-top wp-block-uagb-info-box--has-margin\"><div class=\"uagb-infobox-margin-wrapper\"><div class=\"uagb-ifb-content\"><div class=\"uagb-ifb-image-content\"><img decoding=\"async\" src=\"http:\/\/www.vampire-eu.com\/wp-content\/uploads\/2025\/02\/AI-powered-150x150.png\" alt=\"\" width=\"\" height=\"0\" loading=\"lazy\"\/><\/div><div class=\"uagb-ifb-title-wrap\"><h3 class=\"uagb-ifb-title\"><strong>Erkenntnisse durch KI<\/strong><\/h3><\/div><p class=\"uagb-ifb-desc\">Durch den Einsatz fortschrittlicher Algorithmen der K\u00fcnstlichen Intelligenz (KI) werden wir komplexe Biomarkerdaten in anwendbare diagnostische Werkzeuge \u00fcbersetzen und so Pr\u00e4zision und Zuverl\u00e4ssigkeit im klinischen Alltag gew\u00e4hrleisten.<\/p><\/div><\/div><\/div>\n\n\n\n<div class=\"wp-block-uagb-info-box uagb-block-c747b819 uagb-infobox__content-wrap  uagb-infobox-icon-above-title uagb-infobox-image-valign-top wp-block-uagb-info-box--has-margin\"><div class=\"uagb-infobox-margin-wrapper\"><div class=\"uagb-ifb-content\"><div class=\"uagb-ifb-image-content\"><img decoding=\"async\" src=\"http:\/\/www.vampire-eu.com\/wp-content\/uploads\/2025\/02\/collaboration-150x150.png\" alt=\"\" width=\"\" height=\"0\" loading=\"lazy\"\/><\/div><div class=\"uagb-ifb-title-wrap\"><h3 class=\"uagb-ifb-title\"><strong>Eine gemeinsame Anstrengung<\/strong><\/h3><\/div><p class=\"uagb-ifb-desc\">Gemeinsam mit f\u00fchrenden Laboren und Herstellern von In-vitro-Diagnostika (IVD) wollen wir einen innovativen IVD-Test entwickeln und validieren. Dieser Prototyp soll Parkinson in seinen fr\u00fchesten Stadien erkennen, den Krankheitsverlauf einsch\u00e4tzen und die Therapieantwort \u00fcberwachen.<\/p><\/div><\/div><\/div>\n<\/div>\n<\/div>\n<\/div><\/div>\n\n\n\n<div class=\"wp-block-uagb-container uagb-block-76d6e945 alignfull uagb-is-root-container\"><div class=\"uagb-container-inner-blocks-wrap\">\n<div class=\"wp-block-uagb-container uagb-block-6b716a05\">\n<div class=\"wp-block-uagb-info-box uagb-block-d783a438 uagb-infobox__content-wrap  uagb-infobox-icon-above-title uagb-infobox-image-valign-top\"><div class=\"uagb-ifb-content\"><div class=\"uagb-ifb-title-wrap\"><h2 class=\"uagb-ifb-title\">Begleiten Sie uns auf dieser transformierenden Reise<\/h2><\/div><p class=\"uagb-ifb-desc\">V\u03b1MPiRE ist mehr als nur ein Projekt; es ist eine Bewegung, die unseren Kampf gegen die Parkinson-Krankheit neu definiert. Gestalten wir gemeinsam die Zukunft und ebnen den Weg f\u00fcr fr\u00fchere Eingriffe, bessere Therapien und Hoffnung f\u00fcr Millionen.<\/p><\/div><\/div>\n<\/div>\n\n\n\n<div class=\"wp-block-uagb-container uagb-block-0d176bbf\">\n<div class=\"wp-block-uagb-container uagb-block-296eb1e8\">\n<div class=\"wp-block-uagb-info-box uagb-block-e443b568 uagb-infobox__content-wrap  uagb-infobox-icon-above-title uagb-infobox-image-valign-top wp-block-uagb-info-box--has-margin\"><div class=\"uagb-infobox-margin-wrapper\"><div class=\"uagb-ifb-content\"><div class=\"uagb-ifb-image-content\"><img decoding=\"async\" src=\"http:\/\/www.vampire-eu.com\/wp-content\/uploads\/2025\/02\/revolutionizing-detection-150x150.png\" alt=\"\" width=\"\" height=\"0\" loading=\"lazy\"\/><\/div><div class=\"uagb-ifb-title-wrap\"><h3 class=\"uagb-ifb-title\"><strong>Die Fr\u00fcherkennung und Prognose der Parkinson-Krankheit revolutionieren<\/strong><\/h3><\/div><p class=\"uagb-ifb-desc\">Durch strenge Langzeitstudien, monatliche Kontrollen und modernste Validierungsmethoden wird V\u03b1MPiRE sicherstellen, dass der entwickelte Test nicht nur Parkinson fr\u00fchzeitig erkennt, sondern auch den Krankheitsverlauf und die Behandlungsergebnisse mit beispielloser Genauigkeit vorhersagt.<br>Die Langzeitstudie umfasst eine 24-monatige Nachverfolgung von Parkinson-Patienten und Nicht-Parkinson-Teilnehmern, die nach einer klusterangepassten Fall-Kontroll-Methodik rekrutiert wurden.<br>W\u00e4hrend dieses Zeitraums werden beide Kohorten mit monatlichen Fortschrittsbefragungen begleitet. Dies erm\u00f6glicht die Validierung nicht nur der statistischen Aussagekraft der Parkinson-Erkennung, sondern auch des Krankheitsverlaufs und der Therapieansprache.<br>Au\u00dferdem wird erwartet, dass etwa 5% der zun\u00e4chst als Nicht-Parkinson-Probanden Rekrutierten die Krankheit entwickeln. Dadurch wird es m\u00f6glich, die Erkennungsf\u00e4higkeit in sehr fr\u00fchen Stadien festzulegen.<\/p><\/div><\/div><\/div>\n\n\n\n<div class=\"wp-block-uagb-info-box uagb-block-47c2595f uagb-infobox__content-wrap  uagb-infobox-icon-above-title uagb-infobox-image-valign-top wp-block-uagb-info-box--has-margin\"><div class=\"uagb-infobox-margin-wrapper\"><div class=\"uagb-ifb-content\"><div class=\"uagb-ifb-image-content\"><img decoding=\"async\" src=\"http:\/\/www.vampire-eu.com\/wp-content\/uploads\/2025\/02\/transforming_parkinson-150x150.png\" alt=\"\" width=\"\" height=\"0\" loading=\"lazy\"\/><\/div><div class=\"uagb-ifb-title-wrap\"><h3 class=\"uagb-ifb-title\"><strong>Die Parkinson-Diagnose revolutionieren: zug\u00e4nglich, erschwinglich und wirkungsvoll<\/strong><\/h3><\/div><p class=\"uagb-ifb-desc\">Wir stellen uns eine Zukunft vor, in der die Fr\u00fchdiagnose der Parkinson-Krankheit zug\u00e4nglich, erschwinglich und bahnbrechend ist. Unser Konsortium setzt sich daf\u00fcr ein, diese Durchbr\u00fcche in kommerzialisierte L\u00f6sungen umzusetzen, die Patienten und Gesundheitssystemen weltweit zugutekommen.<\/p><\/div><\/div><\/div>\n<\/div>\n<\/div>\n<\/div><\/div>\n\n\n\n<div class=\"wp-block-uagb-container uagb-layout-flex uagb-block-0d6e6fa5 alignfull uagb-is-root-container\"><div class=\"uagb-container-inner-blocks-wrap\">\n<div class=\"wp-block-uagb-container uagb-layout-flex uagb-block-02d1f134\">\n<div class=\"wp-block-uagb-container uagb-block-908880cf\">\n<div class=\"wp-block-uagb-image aligncenter uagb-block-c8280f42 wp-block-uagb-image--layout-default wp-block-uagb-image--effect-static wp-block-uagb-image--align-center\"><figure class=\"wp-block-uagb-image__figure\"><img decoding=\"async\" srcset=\"https:\/\/www.vampire-eu.com\/wp-content\/uploads\/2025\/02\/funded-cofunded-1-300x65.png ,https:\/\/www.vampire-eu.com\/wp-content\/uploads\/2025\/02\/funded-cofunded-1.png 780w, http:\/\/www.vampire-eu.com\/wp-content\/uploads\/2025\/02\/funded-cofunded-1-300x65.png 360w\" sizes=\"auto, (max-width: 480px) 150px\" src=\"https:\/\/www.vampire-eu.com\/wp-content\/uploads\/2025\/02\/funded-cofunded-1-300x65.png\" alt=\"\" class=\"uag-image-4498\" width=\"400\" height=\"100\" title=\"European Union\" loading=\"lazy\" role=\"img\"\/><\/figure><\/div>\n<\/div>\n\n\n\n<div class=\"wp-block-uagb-container uagb-block-e5d1e2a0\">\n<p class=\"has-ast-global-color-6-color has-text-color has-link-color wp-elements-b803d6e561141eda2820758b3af0741d\" style=\"padding-top:10px;padding-right:10px;padding-bottom:0px;padding-left:10px\">Dieses Projekt wurde im Rahmen des zweistufigen Programms HORIZON-HLTH-2024-DISEASE-03 der Europ\u00e4ischen Union gef\u00f6rdert. <a href=\"https:\/\/cordis.europa.eu\/project\/id\/101156370\">grant agreement No 101156370<\/a>.<br>Die ge\u00e4u\u00dferten Ansichten und Meinungen sind jedoch ausschlie\u00dflich die der Autorinnen und Autoren und spiegeln nicht notwendigerweise die der Europ\u00e4ischen Union oder von HORIZON-RIA wider. Weder die Europ\u00e4ische Union noch die F\u00f6rderbeh\u00f6rde k\u00f6nnen daf\u00fcr verantwortlich gemacht werden.<\/p>\n<\/div>\n<\/div>\n<\/div><\/div>","protected":false},"excerpt":{"rendered":"","protected":false},"author":2,"featured_media":0,"parent":0,"menu_order":0,"comment_status":"closed","ping_status":"closed","template":"","meta":{"_uag_custom_page_level_css":"","site-sidebar-layout":"default","site-content-layout":"","ast-site-content-layout":"full-width-container","site-content-style":"default","site-sidebar-style":"default","ast-global-header-display":"","ast-banner-title-visibility":"","ast-main-header-display":"","ast-hfb-above-header-display":"","ast-hfb-below-header-display":"","ast-hfb-mobile-header-display":"","site-post-title":"disabled","ast-breadcrumbs-content":"","ast-featured-img":"","footer-sml-layout":"","theme-transparent-header-meta":"enabled","adv-header-id-meta":"","stick-header-meta":"","header-above-stick-meta":"","header-main-stick-meta":"","header-below-stick-meta":"","astra-migrate-meta-layouts":"default","ast-page-background-enabled":"default","ast-page-background-meta":{"desktop":{"background-color":"var(--ast-global-color-4)","background-image":"","background-repeat":"repeat","background-position":"center center","background-size":"auto","background-attachment":"scroll","background-type":"","background-media":"","overlay-type":"","overlay-color":"","overlay-opacity":"","overlay-gradient":""},"tablet":{"background-color":"","background-image":"","background-repeat":"repeat","background-position":"center center","background-size":"auto","background-attachment":"scroll","background-type":"","background-media":"","overlay-type":"","overlay-color":"","overlay-opacity":"","overlay-gradient":""},"mobile":{"background-color":"","background-image":"","background-repeat":"repeat","background-position":"center center","background-size":"auto","background-attachment":"scroll","background-type":"","background-media":"","overlay-type":"","overlay-color":"","overlay-opacity":"","overlay-gradient":""}},"ast-content-background-meta":{"desktop":{"background-color":"var(--ast-global-color-5)","background-image":"","background-repeat":"repeat","background-position":"center center","background-size":"auto","background-attachment":"scroll","background-type":"","background-media":"","overlay-type":"","overlay-color":"","overlay-opacity":"","overlay-gradient":""},"tablet":{"background-color":"var(--ast-global-color-5)","background-image":"","background-repeat":"repeat","background-position":"center center","background-size":"auto","background-attachment":"scroll","background-type":"","background-media":"","overlay-type":"","overlay-color":"","overlay-opacity":"","overlay-gradient":""},"mobile":{"background-color":"var(--ast-global-color-5)","background-image":"","background-repeat":"repeat","background-position":"center center","background-size":"auto","background-attachment":"scroll","background-type":"","background-media":"","overlay-type":"","overlay-color":"","overlay-opacity":"","overlay-gradient":""}},"footnotes":""},"class_list":["post-20","page","type-page","status-publish","hentry"],"yoast_head":"<!-- This site is optimized with the Yoast SEO plugin v25.2 - https:\/\/yoast.com\/wordpress\/plugins\/seo\/ -->\n<title>Home - V\u03b1MPiRE<\/title>\n<meta name=\"description\" content=\"Parkinson&#039;s disease early detection\" \/>\n<meta name=\"robots\" content=\"index, follow, max-snippet:-1, max-image-preview:large, max-video-preview:-1\" \/>\n<link rel=\"canonical\" href=\"https:\/\/www.vampire-eu.com\/de\/\" \/>\n<meta name=\"twitter:card\" content=\"summary_large_image\" \/>\n<meta name=\"twitter:title\" content=\"Home - V\u03b1MPiRE\" \/>\n<meta name=\"twitter:description\" content=\"Parkinson&#039;s disease early detection\" \/>\n<meta name=\"twitter:image\" content=\"http:\/\/www.vampire-eu.com\/wp-content\/uploads\/2025\/02\/Brain.jpg\" \/>\n<meta name=\"twitter:label1\" content=\"Gesch\u00e4tzte Lesezeit\" \/>\n\t<meta name=\"twitter:data1\" content=\"5\u00a0Minuten\" \/>\n<script type=\"application\/ld+json\" class=\"yoast-schema-graph\">{\"@context\":\"https:\/\/schema.org\",\"@graph\":[{\"@type\":\"WebPage\",\"@id\":\"https:\/\/www.vampire-eu.com\/\",\"url\":\"https:\/\/www.vampire-eu.com\/\",\"name\":\"Home - V\u03b1MPiRE\",\"isPartOf\":{\"@id\":\"https:\/\/www.vampire-eu.com\/#website\"},\"primaryImageOfPage\":{\"@id\":\"https:\/\/www.vampire-eu.com\/#primaryimage\"},\"image\":{\"@id\":\"https:\/\/www.vampire-eu.com\/#primaryimage\"},\"thumbnailUrl\":\"http:\/\/www.vampire-eu.com\/wp-content\/uploads\/2025\/02\/Brain.jpg\",\"datePublished\":\"2025-02-12T15:12:51+00:00\",\"dateModified\":\"2025-06-17T15:57:30+00:00\",\"description\":\"Parkinson's disease early detection\",\"breadcrumb\":{\"@id\":\"https:\/\/www.vampire-eu.com\/#breadcrumb\"},\"inLanguage\":\"de\",\"potentialAction\":[{\"@type\":\"ReadAction\",\"target\":[\"https:\/\/www.vampire-eu.com\/\"]}]},{\"@type\":\"ImageObject\",\"inLanguage\":\"de\",\"@id\":\"https:\/\/www.vampire-eu.com\/#primaryimage\",\"url\":\"http:\/\/www.vampire-eu.com\/wp-content\/uploads\/2025\/02\/Brain.jpg\",\"contentUrl\":\"http:\/\/www.vampire-eu.com\/wp-content\/uploads\/2025\/02\/Brain.jpg\"},{\"@type\":\"BreadcrumbList\",\"@id\":\"https:\/\/www.vampire-eu.com\/#breadcrumb\",\"itemListElement\":[{\"@type\":\"ListItem\",\"position\":1,\"name\":\"Home\",\"item\":\"https:\/\/www.vampire-eu.com\/\"},{\"@type\":\"ListItem\",\"position\":2,\"name\":\"Home\"}]},{\"@type\":\"WebSite\",\"@id\":\"https:\/\/www.vampire-eu.com\/#website\",\"url\":\"https:\/\/www.vampire-eu.com\/\",\"name\":\"V\u03b1MPiRE\",\"description\":\"\",\"publisher\":{\"@id\":\"https:\/\/www.vampire-eu.com\/#organization\"},\"potentialAction\":[{\"@type\":\"SearchAction\",\"target\":{\"@type\":\"EntryPoint\",\"urlTemplate\":\"https:\/\/www.vampire-eu.com\/?s={search_term_string}\"},\"query-input\":{\"@type\":\"PropertyValueSpecification\",\"valueRequired\":true,\"valueName\":\"search_term_string\"}}],\"inLanguage\":\"de\"},{\"@type\":\"Organization\",\"@id\":\"https:\/\/www.vampire-eu.com\/#organization\",\"name\":\"V\u03b1MPiRE\",\"url\":\"https:\/\/www.vampire-eu.com\/\",\"logo\":{\"@type\":\"ImageObject\",\"inLanguage\":\"de\",\"@id\":\"https:\/\/www.vampire-eu.com\/#\/schema\/logo\/image\/\",\"url\":\"https:\/\/www.vampire-eu.com\/wp-content\/uploads\/2025\/02\/cropped-cropped-V\u03b1MPiRE.png\",\"contentUrl\":\"https:\/\/www.vampire-eu.com\/wp-content\/uploads\/2025\/02\/cropped-cropped-V\u03b1MPiRE.png\",\"width\":512,\"height\":512,\"caption\":\"V\u03b1MPiRE\"},\"image\":{\"@id\":\"https:\/\/www.vampire-eu.com\/#\/schema\/logo\/image\/\"},\"sameAs\":[\"https:\/\/www.linkedin.com\/showcase\/biosomics\/about\"]}]}<\/script>\n<!-- \/ Yoast SEO plugin. -->","yoast_head_json":{"title":"Home - V\u03b1MPiRE","description":"Parkinson's disease early detection","robots":{"index":"index","follow":"follow","max-snippet":"max-snippet:-1","max-image-preview":"max-image-preview:large","max-video-preview":"max-video-preview:-1"},"canonical":"https:\/\/www.vampire-eu.com\/de\/","twitter_card":"summary_large_image","twitter_title":"Home - V\u03b1MPiRE","twitter_description":"Parkinson's disease early detection","twitter_image":"http:\/\/www.vampire-eu.com\/wp-content\/uploads\/2025\/02\/Brain.jpg","twitter_misc":{"Gesch\u00e4tzte Lesezeit":"5\u00a0Minuten"},"schema":{"@context":"https:\/\/schema.org","@graph":[{"@type":"WebPage","@id":"https:\/\/www.vampire-eu.com\/","url":"https:\/\/www.vampire-eu.com\/","name":"Home - V\u03b1MPiRE","isPartOf":{"@id":"https:\/\/www.vampire-eu.com\/#website"},"primaryImageOfPage":{"@id":"https:\/\/www.vampire-eu.com\/#primaryimage"},"image":{"@id":"https:\/\/www.vampire-eu.com\/#primaryimage"},"thumbnailUrl":"http:\/\/www.vampire-eu.com\/wp-content\/uploads\/2025\/02\/Brain.jpg","datePublished":"2025-02-12T15:12:51+00:00","dateModified":"2025-06-17T15:57:30+00:00","description":"Parkinson's disease early detection","breadcrumb":{"@id":"https:\/\/www.vampire-eu.com\/#breadcrumb"},"inLanguage":"de","potentialAction":[{"@type":"ReadAction","target":["https:\/\/www.vampire-eu.com\/"]}]},{"@type":"ImageObject","inLanguage":"de","@id":"https:\/\/www.vampire-eu.com\/#primaryimage","url":"http:\/\/www.vampire-eu.com\/wp-content\/uploads\/2025\/02\/Brain.jpg","contentUrl":"http:\/\/www.vampire-eu.com\/wp-content\/uploads\/2025\/02\/Brain.jpg"},{"@type":"BreadcrumbList","@id":"https:\/\/www.vampire-eu.com\/#breadcrumb","itemListElement":[{"@type":"ListItem","position":1,"name":"Home","item":"https:\/\/www.vampire-eu.com\/"},{"@type":"ListItem","position":2,"name":"Home"}]},{"@type":"WebSite","@id":"https:\/\/www.vampire-eu.com\/#website","url":"https:\/\/www.vampire-eu.com\/","name":"V\u03b1MPiRE","description":"","publisher":{"@id":"https:\/\/www.vampire-eu.com\/#organization"},"potentialAction":[{"@type":"SearchAction","target":{"@type":"EntryPoint","urlTemplate":"https:\/\/www.vampire-eu.com\/?s={search_term_string}"},"query-input":{"@type":"PropertyValueSpecification","valueRequired":true,"valueName":"search_term_string"}}],"inLanguage":"de"},{"@type":"Organization","@id":"https:\/\/www.vampire-eu.com\/#organization","name":"V\u03b1MPiRE","url":"https:\/\/www.vampire-eu.com\/","logo":{"@type":"ImageObject","inLanguage":"de","@id":"https:\/\/www.vampire-eu.com\/#\/schema\/logo\/image\/","url":"https:\/\/www.vampire-eu.com\/wp-content\/uploads\/2025\/02\/cropped-cropped-V\u03b1MPiRE.png","contentUrl":"https:\/\/www.vampire-eu.com\/wp-content\/uploads\/2025\/02\/cropped-cropped-V\u03b1MPiRE.png","width":512,"height":512,"caption":"V\u03b1MPiRE"},"image":{"@id":"https:\/\/www.vampire-eu.com\/#\/schema\/logo\/image\/"},"sameAs":["https:\/\/www.linkedin.com\/showcase\/biosomics\/about"]}]}},"uagb_featured_image_src":{"full":false,"thumbnail":false,"medium":false,"medium_large":false,"large":false,"1536x1536":false,"2048x2048":false,"trp-custom-language-flag":false},"uagb_author_info":{"display_name":"Pedro Sanchez","author_link":"https:\/\/www.vampire-eu.com\/de\/author\/slpedro\/"},"uagb_comment_info":0,"uagb_excerpt":null,"_links":{"self":[{"href":"https:\/\/www.vampire-eu.com\/de\/wp-json\/wp\/v2\/pages\/20","targetHints":{"allow":["GET"]}}],"collection":[{"href":"https:\/\/www.vampire-eu.com\/de\/wp-json\/wp\/v2\/pages"}],"about":[{"href":"https:\/\/www.vampire-eu.com\/de\/wp-json\/wp\/v2\/types\/page"}],"author":[{"embeddable":true,"href":"https:\/\/www.vampire-eu.com\/de\/wp-json\/wp\/v2\/users\/2"}],"replies":[{"embeddable":true,"href":"https:\/\/www.vampire-eu.com\/de\/wp-json\/wp\/v2\/comments?post=20"}],"version-history":[{"count":146,"href":"https:\/\/www.vampire-eu.com\/de\/wp-json\/wp\/v2\/pages\/20\/revisions"}],"predecessor-version":[{"id":5456,"href":"https:\/\/www.vampire-eu.com\/de\/wp-json\/wp\/v2\/pages\/20\/revisions\/5456"}],"wp:attachment":[{"href":"https:\/\/www.vampire-eu.com\/de\/wp-json\/wp\/v2\/media?parent=20"}],"curies":[{"name":"wp","href":"https:\/\/api.w.org\/{rel}","templated":true}]}}